{"id":991139,"date":"2024-03-26T09:32:13","date_gmt":"2024-03-26T06:32:13","guid":{"rendered":"https:\/\/www.klinik45.com\/?page_id=991139"},"modified":"2024-03-26T09:38:08","modified_gmt":"2024-03-26T06:38:08","slug":"onur-kaya","status":"publish","type":"page","link":"https:\/\/www.klinik45.com\/en\/onur-kaya\/","title":{"rendered":"Onur Kaya"},"content":{"rendered":"\t\t<div data-elementor-type=\"wp-page\" data-elementor-id=\"991139\" class=\"elementor elementor-991139\" data-elementor-post-type=\"page\">\n\t\t\t\t\t\t<section class=\"elementor-section elementor-top-section elementor-element elementor-element-11e045c elementor-section-height-min-height elementor-section-items-stretch elementor-section-boxed elementor-section-height-default\" data-id=\"11e045c\" data-element_type=\"section\">\n\t\t\t\t\t\t<div class=\"elementor-container elementor-column-gap-default\">\n\t\t\t\t\t<div class=\"elementor-column elementor-col-100 elementor-top-column elementor-element elementor-element-6bbfa01\" data-id=\"6bbfa01\" data-element_type=\"column\" data-settings=\"{&quot;background_background&quot;:&quot;classic&quot;}\">\n\t\t\t<div class=\"elementor-widget-wrap elementor-element-populated\">\n\t\t\t\t\t\t<section class=\"elementor-section elementor-inner-section elementor-element elementor-element-222cb4b elementor-section-content-bottom elementor-reverse-mobile elementor-section-boxed elementor-section-height-default elementor-section-height-default\" data-id=\"222cb4b\" data-element_type=\"section\" data-settings=\"{&quot;background_background&quot;:&quot;classic&quot;}\">\n\t\t\t\t\t\t<div class=\"elementor-container elementor-column-gap-default\">\n\t\t\t\t\t<div class=\"elementor-column elementor-col-50 elementor-inner-column elementor-element elementor-element-fde9a16\" data-id=\"fde9a16\" data-element_type=\"column\">\n\t\t\t<div class=\"elementor-widget-wrap elementor-element-populated\">\n\t\t\t\t\t\t<div class=\"elementor-element elementor-element-dd7e720 elementor-widget elementor-widget-heading\" data-id=\"dd7e720\" data-element_type=\"widget\" data-widget_type=\"heading.default\">\n\t\t\t\t<div class=\"elementor-widget-container\">\n\t\t\t\t\t<h1 class=\"elementor-heading-title elementor-size-default\">Onur Kaya <\/h1>\t\t\t\t<\/div>\n\t\t\t\t<\/div>\n\t\t\t\t<div class=\"elementor-element elementor-element-2e93501 elementor-widget elementor-widget-heading\" data-id=\"2e93501\" data-element_type=\"widget\" data-widget_type=\"heading.default\">\n\t\t\t\t<div class=\"elementor-widget-container\">\n\t\t\t\t\t<h5 class=\"elementor-heading-title elementor-size-default\">ENDODONTIS SPECIALIST<\/h5>\t\t\t\t<\/div>\n\t\t\t\t<\/div>\n\t\t\t\t<div class=\"elementor-element elementor-element-081f93f elementor-shape-circle e-grid-align-left e-grid-align-tablet-left e-grid-align-mobile-right elementor-grid-0 elementor-widget elementor-widget-social-icons\" data-id=\"081f93f\" data-element_type=\"widget\" data-widget_type=\"social-icons.default\">\n\t\t\t\t<div class=\"elementor-widget-container\">\n\t\t\t\t\t\t\t<div class=\"elementor-social-icons-wrapper elementor-grid\">\n\t\t\t\t\t\t\t<span class=\"elementor-grid-item\">\n\t\t\t\t\t<a class=\"elementor-icon elementor-social-icon elementor-social-icon-instagram elementor-animation-grow elementor-repeater-item-60b2600\" href=\"https:\/\/www.instagram.com\/klinik45\/\" target=\"_blank\">\n\t\t\t\t\t\t<span class=\"elementor-screen-only\">Instagram<\/span>\n\t\t\t\t\t\t<i class=\"fab fa-instagram\"><\/i>\t\t\t\t\t<\/a>\n\t\t\t\t<\/span>\n\t\t\t\t\t\t\t<span class=\"elementor-grid-item\">\n\t\t\t\t\t<a class=\"elementor-icon elementor-social-icon elementor-social-icon-linkedin elementor-animation-grow elementor-repeater-item-84d00e9\" href=\"#\" target=\"_blank\">\n\t\t\t\t\t\t<span class=\"elementor-screen-only\">Linkedin<\/span>\n\t\t\t\t\t\t<i class=\"fab fa-linkedin\"><\/i>\t\t\t\t\t<\/a>\n\t\t\t\t<\/span>\n\t\t\t\t\t<\/div>\n\t\t\t\t\t\t<\/div>\n\t\t\t\t<\/div>\n\t\t\t\t<div class=\"elementor-element elementor-element-3100522 elementor-hidden-phone elementor-widget-divider--view-line elementor-widget elementor-widget-divider\" data-id=\"3100522\" data-element_type=\"widget\" data-widget_type=\"divider.default\">\n\t\t\t\t<div class=\"elementor-widget-container\">\n\t\t\t\t\t\t\t<div class=\"elementor-divider\">\n\t\t\t<span class=\"elementor-divider-separator\">\n\t\t\t\t\t\t<\/span>\n\t\t<\/div>\n\t\t\t\t\t\t<\/div>\n\t\t\t\t<\/div>\n\t\t\t\t<div class=\"elementor-element elementor-element-95860b5 elementor-tablet-align-justify elementor-mobile-align-justify elementor-widget__width-auto elementor-widget-mobile__width-inherit elementor-widget elementor-widget-button\" data-id=\"95860b5\" data-element_type=\"widget\" data-widget_type=\"button.default\">\n\t\t\t\t<div class=\"elementor-widget-container\">\n\t\t\t\t\t\t\t\t\t<div class=\"elementor-button-wrapper\">\n\t\t\t\t\t<a class=\"elementor-button elementor-button-link elementor-size-sm\" href=\"\/iletisim\">\n\t\t\t\t\t\t<span class=\"elementor-button-content-wrapper\">\n\t\t\t\t\t\t\t\t\t<span class=\"elementor-button-text\">Create an Appointment ><\/span>\n\t\t\t\t\t<\/span>\n\t\t\t\t\t<\/a>\n\t\t\t\t<\/div>\n\t\t\t\t\t\t\t\t<\/div>\n\t\t\t\t<\/div>\n\t\t\t\t<div class=\"elementor-element elementor-element-d19bdae elementor-tablet-align-justify elementor-mobile-align-justify elementor-widget__width-auto elementor-widget-mobile__width-inherit elementor-widget elementor-widget-button\" data-id=\"d19bdae\" data-element_type=\"widget\" data-widget_type=\"button.default\">\n\t\t\t\t<div class=\"elementor-widget-container\">\n\t\t\t\t\t\t\t\t\t<div class=\"elementor-button-wrapper\">\n\t\t\t\t\t<a class=\"elementor-button elementor-button-link elementor-size-sm\" href=\"tel:\/\/+902362504066\">\n\t\t\t\t\t\t<span class=\"elementor-button-content-wrapper\">\n\t\t\t\t\t\t\t\t\t<span class=\"elementor-button-text\">0 236 250 40 66<\/span>\n\t\t\t\t\t<\/span>\n\t\t\t\t\t<\/a>\n\t\t\t\t<\/div>\n\t\t\t\t\t\t\t\t<\/div>\n\t\t\t\t<\/div>\n\t\t\t\t\t<\/div>\n\t\t<\/div>\n\t\t\t\t<div class=\"elementor-column elementor-col-50 elementor-inner-column elementor-element elementor-element-e0982d4\" data-id=\"e0982d4\" data-element_type=\"column\" data-settings=\"{&quot;background_background&quot;:&quot;classic&quot;,&quot;background_motion_fx_motion_fx_scrolling&quot;:&quot;yes&quot;,&quot;background_motion_fx_scale_effect&quot;:&quot;yes&quot;,&quot;background_motion_fx_scale_direction&quot;:&quot;in-out-in&quot;,&quot;background_motion_fx_scale_speed&quot;:{&quot;unit&quot;:&quot;px&quot;,&quot;size&quot;:2,&quot;sizes&quot;:[]},&quot;background_motion_fx_scale_range&quot;:{&quot;unit&quot;:&quot;%&quot;,&quot;size&quot;:&quot;&quot;,&quot;sizes&quot;:{&quot;start&quot;:30,&quot;end&quot;:70}},&quot;background_motion_fx_devices&quot;:[&quot;desktop&quot;]}\">\n\t\t\t<div class=\"elementor-widget-wrap elementor-element-populated\">\n\t\t\t\t\t\t<div class=\"elementor-element elementor-element-a9a4633 elementor-shape-circle e-grid-align-right elementor-widget__width-auto elementor-grid-0 elementor-widget elementor-widget-social-icons\" data-id=\"a9a4633\" data-element_type=\"widget\" data-widget_type=\"social-icons.default\">\n\t\t\t\t<div class=\"elementor-widget-container\">\n\t\t\t\t\t\t\t<div class=\"elementor-social-icons-wrapper elementor-grid\">\n\t\t\t\t\t\t\t<span class=\"elementor-grid-item\">\n\t\t\t\t\t<a class=\"elementor-icon elementor-social-icon elementor-social-icon-print elementor-repeater-item-f0b87d5 vamtam-trigger-print\" target=\"_blank\">\n\t\t\t\t\t\t<span class=\"elementor-screen-only\">Print<\/span>\n\t\t\t\t\t\t<i class=\"fas fa-print\"><\/i>\t\t\t\t\t<\/a>\n\t\t\t\t<\/span>\n\t\t\t\t\t\t\t<span class=\"elementor-grid-item\">\n\t\t\t\t\t<a class=\"elementor-icon elementor-social-icon elementor-social-icon-envelope elementor-repeater-item-220d436\" href=\"mailto:bilgi@klinik45.com\" target=\"_blank\">\n\t\t\t\t\t\t<span class=\"elementor-screen-only\">Envelope<\/span>\n\t\t\t\t\t\t<i class=\"fas fa-envelope\"><\/i>\t\t\t\t\t<\/a>\n\t\t\t\t<\/span>\n\t\t\t\t\t\t\t<span class=\"elementor-grid-item\">\n\t\t\t\t\t<a class=\"elementor-icon elementor-social-icon elementor-social-icon-share-alt elementor-repeater-item-fe46285\" href=\"#elementor-action%3Aaction%3Dpopup%3Aopen%26settings%3DeyJpZCI6IjI3NDIiLCJ0b2dnbGUiOmZhbHNlfQ%3D%3D\" target=\"_blank\">\n\t\t\t\t\t\t<span class=\"elementor-screen-only\">Share-alt<\/span>\n\t\t\t\t\t\t<i class=\"fas fa-share-alt\"><\/i>\t\t\t\t\t<\/a>\n\t\t\t\t<\/span>\n\t\t\t\t\t<\/div>\n\t\t\t\t\t\t<\/div>\n\t\t\t\t<\/div>\n\t\t\t\t\t<\/div>\n\t\t<\/div>\n\t\t\t\t\t<\/div>\n\t\t<\/section>\n\t\t\t\t\t<\/div>\n\t\t<\/div>\n\t\t\t\t\t<\/div>\n\t\t<\/section>\n\t\t\t\t<section class=\"elementor-section elementor-top-section elementor-element elementor-element-f9794be elementor-section-boxed elementor-section-height-default elementor-section-height-default\" data-id=\"f9794be\" data-element_type=\"section\">\n\t\t\t\t\t\t<div class=\"elementor-container elementor-column-gap-default\">\n\t\t\t\t\t<div class=\"elementor-column elementor-col-100 elementor-top-column elementor-element elementor-element-7f84aaf\" data-id=\"7f84aaf\" data-element_type=\"column\">\n\t\t\t<div class=\"elementor-widget-wrap elementor-element-populated\">\n\t\t\t\t\t\t<section class=\"elementor-section elementor-inner-section elementor-element elementor-element-5436f5a elementor-reverse-mobile elementor-section-boxed elementor-section-height-default elementor-section-height-default\" data-id=\"5436f5a\" data-element_type=\"section\">\n\t\t\t\t\t\t<div class=\"elementor-container elementor-column-gap-default\">\n\t\t\t\t\t<div class=\"elementor-column elementor-col-50 elementor-inner-column elementor-element elementor-element-a13ecd1 elementor-hidden-phone\" data-id=\"a13ecd1\" data-element_type=\"column\">\n\t\t\t<div class=\"elementor-widget-wrap elementor-element-populated\">\n\t\t\t\t\t\t<div class=\"elementor-element elementor-element-99f00cd elementor-widget__width-auto elementor-widget elementor-widget-heading\" data-id=\"99f00cd\" data-element_type=\"widget\" data-widget_type=\"heading.default\">\n\t\t\t\t<div class=\"elementor-widget-container\">\n\t\t\t\t\t<h4 class=\"elementor-heading-title elementor-size-default\">About Me<\/h4>\t\t\t\t<\/div>\n\t\t\t\t<\/div>\n\t\t\t\t\t<\/div>\n\t\t<\/div>\n\t\t\t\t<div class=\"elementor-column elementor-col-50 elementor-inner-column elementor-element elementor-element-28e5762\" data-id=\"28e5762\" data-element_type=\"column\">\n\t\t\t<div class=\"elementor-widget-wrap elementor-element-populated\">\n\t\t\t\t\t\t<div class=\"elementor-element elementor-element-7a3c379 elementor-widget elementor-widget-text-editor\" data-id=\"7a3c379\" data-element_type=\"widget\" data-widget_type=\"text-editor.default\">\n\t\t\t\t<div class=\"elementor-widget-container\">\n\t\t\t\t\t\t\t\t\t<p>I was born in Izmir in 1992. After completing my primary and high school education in Izmir, I started studying at Istanbul University Faculty of Dentistry in 2013. In 2018, I completed my graduate and postgraduate education with the thesis &#8220;Investigation of the Psychological Effects of Anterior Tooth Fractures in Children&#8221;. In 2022, I successfully completed my specialization training, which I started in 2018 at Izmir Katip \u00c7elebi University, Department of Prosthodontics with the thesis \u201cEvalution of Stress Analysis Caused by Different Implant and Prosthesis Treatment Plans in the Rehabilitation of Mesiodistally Narrowed Edentulous Areas by Finite Element Method\u201d and was entitled to receive the title of prosthodontist dentist. I have been working actively at Klinic 45 in Manisa since 2023. I am interested in aesthetic dentistry and smile design, digital dentistry, tooth\/tissue\/implant supported fixed and removable prostheses, temporomandibular joint diseases and botulinum toxin applications. I am an active rowing athlete in my social life.<\/p>\t\t\t\t\t\t\t\t<\/div>\n\t\t\t\t<\/div>\n\t\t\t\t\t<\/div>\n\t\t<\/div>\n\t\t\t\t\t<\/div>\n\t\t<\/section>\n\t\t\t\t\t<\/div>\n\t\t<\/div>\n\t\t\t\t\t<\/div>\n\t\t<\/section>\n\t\t\t\t<\/div>\n\t\t","protected":false},"excerpt":{"rendered":"<p>Onur Kaya ENDODONTIS SPECIALIST Instagram Linkedin Create an Appointment > 0 236 250 40 66 Print Envelope Share-alt About Me I was born in Izmir in 1992. After completing my primary and high school education in Izmir, I started studying at Istanbul University Faculty of Dentistry in 2013. In 2018, I completed my graduate and&#8230;<\/p>\n","protected":false},"author":1,"featured_media":0,"parent":0,"menu_order":0,"comment_status":"closed","ping_status":"closed","template":"","meta":{"_monsterinsights_skip_tracking":false,"_monsterinsights_sitenote_active":false,"_monsterinsights_sitenote_note":"","_monsterinsights_sitenote_category":0,"_uf_show_specific_survey":0,"_uf_disable_surveys":false,"footnotes":""},"class_list":["post-991139","page","type-page","status-publish","hentry"],"yoast_head":"<!-- This site is optimized with the Yoast SEO Premium plugin v19.0.1 (Yoast SEO v24.7) - https:\/\/yoast.com\/wordpress\/plugins\/seo\/ -->\n<title>Onur Kaya - Klinik 45<\/title>\n<meta name=\"description\" content=\"2002 y\u0131l\u0131nda Manisa Fatih Anadolu Lisesinden mezun olduktan sonra 2002 Ankara \u00dcniversitesi Di\u015f Hekimli\u011fi Fak\u00fcltesini kazand\u0131m. \ud83e\uddb7\" \/>\n<meta name=\"robots\" content=\"index, follow, max-snippet:-1, max-image-preview:large, max-video-preview:-1\" \/>\n<link rel=\"canonical\" href=\"https:\/\/www.klinik45.com\/en\/onur-kaya\/\" \/>\n<meta property=\"og:locale\" content=\"en_US\" \/>\n<meta property=\"og:type\" content=\"article\" \/>\n<meta property=\"og:title\" content=\"Onur Kaya\" \/>\n<meta property=\"og:description\" content=\"2002 y\u0131l\u0131nda Manisa Fatih Anadolu Lisesinden mezun olduktan sonra 2002 Ankara \u00dcniversitesi Di\u015f Hekimli\u011fi Fak\u00fcltesini kazand\u0131m. \ud83e\uddb7\" \/>\n<meta property=\"og:url\" content=\"https:\/\/www.klinik45.com\/en\/onur-kaya\/\" \/>\n<meta property=\"og:site_name\" content=\"Klinik 45\" \/>\n<meta property=\"article:publisher\" content=\"https:\/\/www.instagram.com\/klinik45\" \/>\n<meta property=\"article:modified_time\" content=\"2024-03-26T06:38:08+00:00\" \/>\n<meta property=\"og:image\" content=\"https:\/\/www.klinik45.com\/wp-content\/uploads\/2022\/08\/gizem_altug_turkyilmaz-200x300.jpg\" \/>\n<meta name=\"twitter:card\" content=\"summary_large_image\" \/>\n<meta name=\"twitter:label1\" content=\"Est. reading time\" \/>\n\t<meta name=\"twitter:data1\" content=\"1 minute\" \/>\n<script type=\"application\/ld+json\" class=\"yoast-schema-graph\">{\"@context\":\"https:\/\/schema.org\",\"@graph\":[{\"@type\":\"WebPage\",\"@id\":\"https:\/\/www.klinik45.com\/en\/onur-kaya\/\",\"url\":\"https:\/\/www.klinik45.com\/en\/onur-kaya\/\",\"name\":\"Onur Kaya - Klinik 45\",\"isPartOf\":{\"@id\":\"https:\/\/www.klinik45.com\/#website\"},\"datePublished\":\"2024-03-26T06:32:13+00:00\",\"dateModified\":\"2024-03-26T06:38:08+00:00\",\"description\":\"2002 y\u0131l\u0131nda Manisa Fatih Anadolu Lisesinden mezun olduktan sonra 2002 Ankara \u00dcniversitesi Di\u015f Hekimli\u011fi Fak\u00fcltesini kazand\u0131m. \ud83e\uddb7\",\"breadcrumb\":{\"@id\":\"https:\/\/www.klinik45.com\/en\/onur-kaya\/#breadcrumb\"},\"inLanguage\":\"en-US\",\"potentialAction\":[{\"@type\":\"ReadAction\",\"target\":[\"https:\/\/www.klinik45.com\/en\/onur-kaya\/\"]}]},{\"@type\":\"BreadcrumbList\",\"@id\":\"https:\/\/www.klinik45.com\/en\/onur-kaya\/#breadcrumb\",\"itemListElement\":[{\"@type\":\"ListItem\",\"position\":1,\"name\":\"Home\",\"item\":\"https:\/\/www.klinik45.com\/en\/\"},{\"@type\":\"ListItem\",\"position\":2,\"name\":\"Onur Kaya\"}]},{\"@type\":\"WebSite\",\"@id\":\"https:\/\/www.klinik45.com\/#website\",\"url\":\"https:\/\/www.klinik45.com\/\",\"name\":\"Klinik 45\",\"description\":\"Manisa Invisalign Ortodonti \u0130mplant Cerrahisi Di\u015f Esteti\u011fi\",\"publisher\":{\"@id\":\"https:\/\/www.klinik45.com\/#organization\"},\"potentialAction\":[{\"@type\":\"SearchAction\",\"target\":{\"@type\":\"EntryPoint\",\"urlTemplate\":\"https:\/\/www.klinik45.com\/?s={search_term_string}\"},\"query-input\":{\"@type\":\"PropertyValueSpecification\",\"valueRequired\":true,\"valueName\":\"search_term_string\"}}],\"inLanguage\":\"en-US\"},{\"@type\":\"Organization\",\"@id\":\"https:\/\/www.klinik45.com\/#organization\",\"name\":\"Klinik45\",\"url\":\"https:\/\/www.klinik45.com\/\",\"logo\":{\"@type\":\"ImageObject\",\"inLanguage\":\"en-US\",\"@id\":\"https:\/\/www.klinik45.com\/#\/schema\/logo\/image\/\",\"url\":\"https:\/\/www.klinik45.com\/wp-content\/uploads\/2020\/03\/klinik45_new_logo.png\",\"contentUrl\":\"https:\/\/www.klinik45.com\/wp-content\/uploads\/2020\/03\/klinik45_new_logo.png\",\"width\":349,\"height\":106,\"caption\":\"Klinik45\"},\"image\":{\"@id\":\"https:\/\/www.klinik45.com\/#\/schema\/logo\/image\/\"},\"sameAs\":[\"https:\/\/www.instagram.com\/klinik45\"]}]}<\/script>\n<!-- \/ Yoast SEO Premium plugin. -->","yoast_head_json":{"title":"Onur Kaya - Klinik 45","description":"2002 y\u0131l\u0131nda Manisa Fatih Anadolu Lisesinden mezun olduktan sonra 2002 Ankara \u00dcniversitesi Di\u015f Hekimli\u011fi Fak\u00fcltesini kazand\u0131m. \ud83e\uddb7","robots":{"index":"index","follow":"follow","max-snippet":"max-snippet:-1","max-image-preview":"max-image-preview:large","max-video-preview":"max-video-preview:-1"},"canonical":"https:\/\/www.klinik45.com\/en\/onur-kaya\/","og_locale":"en_US","og_type":"article","og_title":"Onur Kaya","og_description":"2002 y\u0131l\u0131nda Manisa Fatih Anadolu Lisesinden mezun olduktan sonra 2002 Ankara \u00dcniversitesi Di\u015f Hekimli\u011fi Fak\u00fcltesini kazand\u0131m. \ud83e\uddb7","og_url":"https:\/\/www.klinik45.com\/en\/onur-kaya\/","og_site_name":"Klinik 45","article_publisher":"https:\/\/www.instagram.com\/klinik45","article_modified_time":"2024-03-26T06:38:08+00:00","og_image":[{"url":"https:\/\/www.klinik45.com\/wp-content\/uploads\/2022\/08\/gizem_altug_turkyilmaz-200x300.jpg","type":"","width":"","height":""}],"twitter_card":"summary_large_image","twitter_misc":{"Est. reading time":"1 minute"},"schema":{"@context":"https:\/\/schema.org","@graph":[{"@type":"WebPage","@id":"https:\/\/www.klinik45.com\/en\/onur-kaya\/","url":"https:\/\/www.klinik45.com\/en\/onur-kaya\/","name":"Onur Kaya - Klinik 45","isPartOf":{"@id":"https:\/\/www.klinik45.com\/#website"},"datePublished":"2024-03-26T06:32:13+00:00","dateModified":"2024-03-26T06:38:08+00:00","description":"2002 y\u0131l\u0131nda Manisa Fatih Anadolu Lisesinden mezun olduktan sonra 2002 Ankara \u00dcniversitesi Di\u015f Hekimli\u011fi Fak\u00fcltesini kazand\u0131m. \ud83e\uddb7","breadcrumb":{"@id":"https:\/\/www.klinik45.com\/en\/onur-kaya\/#breadcrumb"},"inLanguage":"en-US","potentialAction":[{"@type":"ReadAction","target":["https:\/\/www.klinik45.com\/en\/onur-kaya\/"]}]},{"@type":"BreadcrumbList","@id":"https:\/\/www.klinik45.com\/en\/onur-kaya\/#breadcrumb","itemListElement":[{"@type":"ListItem","position":1,"name":"Home","item":"https:\/\/www.klinik45.com\/en\/"},{"@type":"ListItem","position":2,"name":"Onur Kaya"}]},{"@type":"WebSite","@id":"https:\/\/www.klinik45.com\/#website","url":"https:\/\/www.klinik45.com\/","name":"Klinik 45","description":"Manisa Invisalign Ortodonti \u0130mplant Cerrahisi Di\u015f Esteti\u011fi","publisher":{"@id":"https:\/\/www.klinik45.com\/#organization"},"potentialAction":[{"@type":"SearchAction","target":{"@type":"EntryPoint","urlTemplate":"https:\/\/www.klinik45.com\/?s={search_term_string}"},"query-input":{"@type":"PropertyValueSpecification","valueRequired":true,"valueName":"search_term_string"}}],"inLanguage":"en-US"},{"@type":"Organization","@id":"https:\/\/www.klinik45.com\/#organization","name":"Klinik45","url":"https:\/\/www.klinik45.com\/","logo":{"@type":"ImageObject","inLanguage":"en-US","@id":"https:\/\/www.klinik45.com\/#\/schema\/logo\/image\/","url":"https:\/\/www.klinik45.com\/wp-content\/uploads\/2020\/03\/klinik45_new_logo.png","contentUrl":"https:\/\/www.klinik45.com\/wp-content\/uploads\/2020\/03\/klinik45_new_logo.png","width":349,"height":106,"caption":"Klinik45"},"image":{"@id":"https:\/\/www.klinik45.com\/#\/schema\/logo\/image\/"},"sameAs":["https:\/\/www.instagram.com\/klinik45"]}]}},"_links":{"self":[{"href":"https:\/\/www.klinik45.com\/en\/wp-json\/wp\/v2\/pages\/991139","targetHints":{"allow":["GET"]}}],"collection":[{"href":"https:\/\/www.klinik45.com\/en\/wp-json\/wp\/v2\/pages"}],"about":[{"href":"https:\/\/www.klinik45.com\/en\/wp-json\/wp\/v2\/types\/page"}],"author":[{"embeddable":true,"href":"https:\/\/www.klinik45.com\/en\/wp-json\/wp\/v2\/users\/1"}],"replies":[{"embeddable":true,"href":"https:\/\/www.klinik45.com\/en\/wp-json\/wp\/v2\/comments?post=991139"}],"version-history":[{"count":4,"href":"https:\/\/www.klinik45.com\/en\/wp-json\/wp\/v2\/pages\/991139\/revisions"}],"predecessor-version":[{"id":991151,"href":"https:\/\/www.klinik45.com\/en\/wp-json\/wp\/v2\/pages\/991139\/revisions\/991151"}],"wp:attachment":[{"href":"https:\/\/www.klinik45.com\/en\/wp-json\/wp\/v2\/media?parent=991139"}],"curies":[{"name":"wp","href":"https:\/\/api.w.org\/{rel}","templated":true}]}}