{"id":991074,"date":"2024-03-14T10:22:52","date_gmt":"2024-03-14T07:22:52","guid":{"rendered":"https:\/\/www.klinik45.com\/?page_id=991074"},"modified":"2024-03-21T09:30:42","modified_gmt":"2024-03-21T06:30:42","slug":"restorative-dentistry-specialist-asu-nur-sandikci-ozturk","status":"publish","type":"page","link":"https:\/\/www.klinik45.com\/en\/restorative-dentistry-specialist-asu-nur-sandikci-ozturk\/","title":{"rendered":"Restorative Dentistry Specialist Asu Nur Sand\u0131k\u00e7\u0131 \u00d6zt\u00fcrk"},"content":{"rendered":"\t\t<div data-elementor-type=\"wp-page\" data-elementor-id=\"991074\" class=\"elementor elementor-991074\" data-elementor-post-type=\"page\">\n\t\t\t\t\t\t<section class=\"elementor-section elementor-top-section elementor-element elementor-element-11e045c elementor-section-height-min-height elementor-section-items-stretch elementor-section-boxed elementor-section-height-default\" data-id=\"11e045c\" data-element_type=\"section\">\n\t\t\t\t\t\t<div class=\"elementor-container elementor-column-gap-default\">\n\t\t\t\t\t<div class=\"elementor-column elementor-col-100 elementor-top-column elementor-element elementor-element-6bbfa01\" data-id=\"6bbfa01\" data-element_type=\"column\" data-settings=\"{&quot;background_background&quot;:&quot;classic&quot;}\">\n\t\t\t<div class=\"elementor-widget-wrap elementor-element-populated\">\n\t\t\t\t\t\t<section class=\"elementor-section elementor-inner-section elementor-element elementor-element-222cb4b elementor-section-content-bottom elementor-reverse-mobile elementor-section-boxed elementor-section-height-default elementor-section-height-default\" data-id=\"222cb4b\" data-element_type=\"section\" data-settings=\"{&quot;background_background&quot;:&quot;classic&quot;}\">\n\t\t\t\t\t\t<div class=\"elementor-container elementor-column-gap-default\">\n\t\t\t\t\t<div class=\"elementor-column elementor-col-50 elementor-inner-column elementor-element elementor-element-fde9a16\" data-id=\"fde9a16\" data-element_type=\"column\">\n\t\t\t<div class=\"elementor-widget-wrap elementor-element-populated\">\n\t\t\t\t\t\t<div class=\"elementor-element elementor-element-dd7e720 elementor-widget elementor-widget-heading\" data-id=\"dd7e720\" data-element_type=\"widget\" data-widget_type=\"heading.default\">\n\t\t\t\t<div class=\"elementor-widget-container\">\n\t\t\t\t\t<h1 class=\"elementor-heading-title elementor-size-default\">Asu Nur Sand\u0131k\u00e7\u0131 \u00d6zt\u00fcrk<\/h1>\t\t\t\t<\/div>\n\t\t\t\t<\/div>\n\t\t\t\t<div class=\"elementor-element elementor-element-2e93501 elementor-widget elementor-widget-heading\" data-id=\"2e93501\" data-element_type=\"widget\" data-widget_type=\"heading.default\">\n\t\t\t\t<div class=\"elementor-widget-container\">\n\t\t\t\t\t<h5 class=\"elementor-heading-title elementor-size-default\">Restorative Dentistry Specialist <\/h5>\t\t\t\t<\/div>\n\t\t\t\t<\/div>\n\t\t\t\t<div class=\"elementor-element elementor-element-081f93f elementor-shape-circle e-grid-align-left e-grid-align-tablet-left e-grid-align-mobile-right elementor-grid-0 elementor-widget elementor-widget-social-icons\" data-id=\"081f93f\" data-element_type=\"widget\" data-widget_type=\"social-icons.default\">\n\t\t\t\t<div class=\"elementor-widget-container\">\n\t\t\t\t\t\t\t<div class=\"elementor-social-icons-wrapper elementor-grid\">\n\t\t\t\t\t\t\t<span class=\"elementor-grid-item\">\n\t\t\t\t\t<a class=\"elementor-icon elementor-social-icon elementor-social-icon-instagram elementor-animation-grow elementor-repeater-item-60b2600\" href=\"https:\/\/www.instagram.com\/klinik45\/\" target=\"_blank\">\n\t\t\t\t\t\t<span class=\"elementor-screen-only\">Instagram<\/span>\n\t\t\t\t\t\t<i class=\"fab fa-instagram\"><\/i>\t\t\t\t\t<\/a>\n\t\t\t\t<\/span>\n\t\t\t\t\t\t\t<span class=\"elementor-grid-item\">\n\t\t\t\t\t<a class=\"elementor-icon elementor-social-icon elementor-social-icon-linkedin elementor-animation-grow elementor-repeater-item-84d00e9\" href=\"#\" target=\"_blank\">\n\t\t\t\t\t\t<span class=\"elementor-screen-only\">Linkedin<\/span>\n\t\t\t\t\t\t<i class=\"fab fa-linkedin\"><\/i>\t\t\t\t\t<\/a>\n\t\t\t\t<\/span>\n\t\t\t\t\t<\/div>\n\t\t\t\t\t\t<\/div>\n\t\t\t\t<\/div>\n\t\t\t\t<div class=\"elementor-element elementor-element-3100522 elementor-hidden-phone elementor-widget-divider--view-line elementor-widget elementor-widget-divider\" data-id=\"3100522\" data-element_type=\"widget\" data-widget_type=\"divider.default\">\n\t\t\t\t<div class=\"elementor-widget-container\">\n\t\t\t\t\t\t\t<div class=\"elementor-divider\">\n\t\t\t<span class=\"elementor-divider-separator\">\n\t\t\t\t\t\t<\/span>\n\t\t<\/div>\n\t\t\t\t\t\t<\/div>\n\t\t\t\t<\/div>\n\t\t\t\t<div class=\"elementor-element elementor-element-95860b5 elementor-tablet-align-justify elementor-mobile-align-justify elementor-widget__width-auto elementor-widget-mobile__width-inherit elementor-widget elementor-widget-button\" data-id=\"95860b5\" data-element_type=\"widget\" data-widget_type=\"button.default\">\n\t\t\t\t<div class=\"elementor-widget-container\">\n\t\t\t\t\t\t\t\t\t<div class=\"elementor-button-wrapper\">\n\t\t\t\t\t<a class=\"elementor-button elementor-button-link elementor-size-sm\" href=\"\/iletisim\">\n\t\t\t\t\t\t<span class=\"elementor-button-content-wrapper\">\n\t\t\t\t\t\t\t\t\t<span class=\"elementor-button-text\">Create an Appointment ><\/span>\n\t\t\t\t\t<\/span>\n\t\t\t\t\t<\/a>\n\t\t\t\t<\/div>\n\t\t\t\t\t\t\t\t<\/div>\n\t\t\t\t<\/div>\n\t\t\t\t<div class=\"elementor-element elementor-element-d19bdae elementor-tablet-align-justify elementor-mobile-align-justify elementor-widget__width-auto elementor-widget-mobile__width-inherit elementor-widget elementor-widget-button\" data-id=\"d19bdae\" data-element_type=\"widget\" data-widget_type=\"button.default\">\n\t\t\t\t<div class=\"elementor-widget-container\">\n\t\t\t\t\t\t\t\t\t<div class=\"elementor-button-wrapper\">\n\t\t\t\t\t<a class=\"elementor-button elementor-button-link elementor-size-sm\" href=\"tel:\/\/+902362504066\">\n\t\t\t\t\t\t<span class=\"elementor-button-content-wrapper\">\n\t\t\t\t\t\t\t\t\t<span class=\"elementor-button-text\">0 236 250 40 66<\/span>\n\t\t\t\t\t<\/span>\n\t\t\t\t\t<\/a>\n\t\t\t\t<\/div>\n\t\t\t\t\t\t\t\t<\/div>\n\t\t\t\t<\/div>\n\t\t\t\t\t<\/div>\n\t\t<\/div>\n\t\t\t\t<div class=\"elementor-column elementor-col-50 elementor-inner-column elementor-element elementor-element-e0982d4\" data-id=\"e0982d4\" data-element_type=\"column\" data-settings=\"{&quot;background_background&quot;:&quot;classic&quot;,&quot;background_motion_fx_motion_fx_scrolling&quot;:&quot;yes&quot;,&quot;background_motion_fx_scale_effect&quot;:&quot;yes&quot;,&quot;background_motion_fx_scale_direction&quot;:&quot;in-out-in&quot;,&quot;background_motion_fx_scale_speed&quot;:{&quot;unit&quot;:&quot;px&quot;,&quot;size&quot;:2,&quot;sizes&quot;:[]},&quot;background_motion_fx_scale_range&quot;:{&quot;unit&quot;:&quot;%&quot;,&quot;size&quot;:&quot;&quot;,&quot;sizes&quot;:{&quot;start&quot;:30,&quot;end&quot;:70}},&quot;background_motion_fx_devices&quot;:[&quot;desktop&quot;]}\">\n\t\t\t<div class=\"elementor-widget-wrap elementor-element-populated\">\n\t\t\t\t\t\t<div class=\"elementor-element elementor-element-a9a4633 elementor-shape-circle e-grid-align-right elementor-widget__width-auto elementor-grid-0 elementor-widget elementor-widget-social-icons\" data-id=\"a9a4633\" data-element_type=\"widget\" data-widget_type=\"social-icons.default\">\n\t\t\t\t<div class=\"elementor-widget-container\">\n\t\t\t\t\t\t\t<div class=\"elementor-social-icons-wrapper elementor-grid\">\n\t\t\t\t\t\t\t<span class=\"elementor-grid-item\">\n\t\t\t\t\t<a class=\"elementor-icon elementor-social-icon elementor-social-icon-print elementor-repeater-item-f0b87d5 vamtam-trigger-print\" target=\"_blank\">\n\t\t\t\t\t\t<span class=\"elementor-screen-only\">Print<\/span>\n\t\t\t\t\t\t<i class=\"fas fa-print\"><\/i>\t\t\t\t\t<\/a>\n\t\t\t\t<\/span>\n\t\t\t\t\t\t\t<span class=\"elementor-grid-item\">\n\t\t\t\t\t<a class=\"elementor-icon elementor-social-icon elementor-social-icon-envelope elementor-repeater-item-220d436\" href=\"mailto:bilgi@klinik45.com\" target=\"_blank\">\n\t\t\t\t\t\t<span class=\"elementor-screen-only\">Envelope<\/span>\n\t\t\t\t\t\t<i class=\"fas fa-envelope\"><\/i>\t\t\t\t\t<\/a>\n\t\t\t\t<\/span>\n\t\t\t\t\t\t\t<span class=\"elementor-grid-item\">\n\t\t\t\t\t<a class=\"elementor-icon elementor-social-icon elementor-social-icon-share-alt elementor-repeater-item-fe46285\" href=\"#elementor-action%3Aaction%3Dpopup%3Aopen%26settings%3DeyJpZCI6IjI3NDIiLCJ0b2dnbGUiOmZhbHNlfQ%3D%3D\" target=\"_blank\">\n\t\t\t\t\t\t<span class=\"elementor-screen-only\">Share-alt<\/span>\n\t\t\t\t\t\t<i class=\"fas fa-share-alt\"><\/i>\t\t\t\t\t<\/a>\n\t\t\t\t<\/span>\n\t\t\t\t\t<\/div>\n\t\t\t\t\t\t<\/div>\n\t\t\t\t<\/div>\n\t\t\t\t\t<\/div>\n\t\t<\/div>\n\t\t\t\t\t<\/div>\n\t\t<\/section>\n\t\t\t\t\t<\/div>\n\t\t<\/div>\n\t\t\t\t\t<\/div>\n\t\t<\/section>\n\t\t\t\t<section class=\"elementor-section elementor-top-section elementor-element elementor-element-f9794be elementor-section-boxed elementor-section-height-default elementor-section-height-default\" data-id=\"f9794be\" data-element_type=\"section\">\n\t\t\t\t\t\t<div class=\"elementor-container elementor-column-gap-default\">\n\t\t\t\t\t<div class=\"elementor-column elementor-col-100 elementor-top-column elementor-element elementor-element-7f84aaf\" data-id=\"7f84aaf\" data-element_type=\"column\">\n\t\t\t<div class=\"elementor-widget-wrap elementor-element-populated\">\n\t\t\t\t\t\t<section class=\"elementor-section elementor-inner-section elementor-element elementor-element-5436f5a elementor-reverse-mobile elementor-section-boxed elementor-section-height-default elementor-section-height-default\" data-id=\"5436f5a\" data-element_type=\"section\">\n\t\t\t\t\t\t<div class=\"elementor-container elementor-column-gap-default\">\n\t\t\t\t\t<div class=\"elementor-column elementor-col-33 elementor-inner-column elementor-element elementor-element-a13ecd1 elementor-hidden-phone\" data-id=\"a13ecd1\" data-element_type=\"column\">\n\t\t\t<div class=\"elementor-widget-wrap elementor-element-populated\">\n\t\t\t\t\t\t<div class=\"elementor-element elementor-element-99f00cd elementor-widget__width-auto elementor-widget elementor-widget-heading\" data-id=\"99f00cd\" data-element_type=\"widget\" data-widget_type=\"heading.default\">\n\t\t\t\t<div class=\"elementor-widget-container\">\n\t\t\t\t\t<h4 class=\"elementor-heading-title elementor-size-default\">About Me<\/h4>\t\t\t\t<\/div>\n\t\t\t\t<\/div>\n\t\t\t\t\t<\/div>\n\t\t<\/div>\n\t\t\t\t<div class=\"elementor-column elementor-col-33 elementor-inner-column elementor-element elementor-element-28e5762\" data-id=\"28e5762\" data-element_type=\"column\">\n\t\t\t<div class=\"elementor-widget-wrap elementor-element-populated\">\n\t\t\t\t\t\t<div class=\"elementor-element elementor-element-7a3c379 elementor-widget elementor-widget-text-editor\" data-id=\"7a3c379\" data-element_type=\"widget\" data-widget_type=\"text-editor.default\">\n\t\t\t\t<div class=\"elementor-widget-container\">\n\t\t\t\t\t\t\t\t\t<p>I was born in Manisa in 1995. After completing primary, secondary and high school education in Mu\u011fla, i joined Ankara University Faculty of Dentistry in 2013. I graduated in 2018 and in the same year, I started my specialization training in the Department of Restorative Dentistry at Akdeniz University Faculty of Dentistry in Antalya.<br \/>In 2022, I started my career as specialist dentist by preparing and distributing my thesis on &#8220;Examination of Degree of Conversion, Water Sorption and Solubility Values of a Bulk Fill Composite Polymerized with Different Tilt Angles&#8221;. Our article, which was developed based on my relevant thesis, was published in the international academic journal &#8220;Odontology&#8221; in 2023. I am currently performing direct and indirect aesthetic restorations at Clinic45 in Manisa.<\/p>\t\t\t\t\t\t\t\t<\/div>\n\t\t\t\t<\/div>\n\t\t\t\t\t<\/div>\n\t\t<\/div>\n\t\t\t\t<div class=\"elementor-column elementor-col-33 elementor-inner-column elementor-element elementor-element-ef19e17 elementor-hidden-desktop elementor-hidden-tablet elementor-hidden-mobile\" data-id=\"ef19e17\" data-element_type=\"column\">\n\t\t\t<div class=\"elementor-widget-wrap elementor-element-populated\">\n\t\t\t\t\t\t<div class=\"elementor-element elementor-element-13ed2d0 elementor-view-default elementor-position-top elementor-mobile-position-top elementor-widget elementor-widget-icon-box\" data-id=\"13ed2d0\" data-element_type=\"widget\" data-widget_type=\"icon-box.default\">\n\t\t\t\t<div class=\"elementor-widget-container\">\n\t\t\t\t\t\t\t<div class=\"elementor-icon-box-wrapper\">\n\n\t\t\t\t\t\t<div class=\"elementor-icon-box-icon\">\n\t\t\t\t<span  class=\"elementor-icon\">\n\t\t\t\t<i aria-hidden=\"true\" class=\"fas fa-graduation-cap\"><\/i>\t\t\t\t<\/span>\n\t\t\t<\/div>\n\t\t\t\n\t\t\t\t\t\t<div class=\"elementor-icon-box-content\">\n\n\t\t\t\t\t\t\t\t\t<h4 class=\"elementor-icon-box-title\">\n\t\t\t\t\t\t<span  >\n\t\t\t\t\t\t\tE\u011fitim\t\t\t\t\t\t<\/span>\n\t\t\t\t\t<\/h4>\n\t\t\t\t\n\t\t\t\t\t\t\t\t\t<p class=\"elementor-icon-box-description\">\n\t\t\t\t\t\t- <b>2002<\/b> \/ Ankara \u00dcniversitesi Di\u015f Hekimli\u011fi Fak\u00fcltesi<br><br>\n- <b>2008<\/b> \/ Ba\u015fkent \u00dcniversitesi Di\u015f Hekimli\u011fi Fak\u00fcltesi Ortodonti Anabilim Dal\u0131nda Uzmanl\u0131k E\u011fitimi<br><br>\n- <b>2012<\/b> \/ Minivida Destekli ve Konvansiyonel \u00dcst \u00c7ene Geni\u015fletme Apareylerinin Etkilerinin CBCT ile \u0130ncelenmesi\t\t\t\t\t<\/p>\n\t\t\t\t\n\t\t\t<\/div>\n\t\t\t\n\t\t<\/div>\n\t\t\t\t\t\t<\/div>\n\t\t\t\t<\/div>\n\t\t\t\t\t<\/div>\n\t\t<\/div>\n\t\t\t\t\t<\/div>\n\t\t<\/section>\n\t\t\t\t\t<\/div>\n\t\t<\/div>\n\t\t\t\t\t<\/div>\n\t\t<\/section>\n\t\t\t\t<\/div>\n\t\t","protected":false},"excerpt":{"rendered":"<p>Asu Nur Sand\u0131k\u00e7\u0131 \u00d6zt\u00fcrk Restorative Dentistry Specialist Instagram Linkedin Create an Appointment > 0 236 250 40 66 Print Envelope Share-alt About Me I was born in Manisa in 1995. After completing primary, secondary and high school education in Mu\u011fla, i joined Ankara University Faculty of Dentistry in 2013. I graduated in 2018 and in&#8230;<\/p>\n","protected":false},"author":1,"featured_media":0,"parent":0,"menu_order":0,"comment_status":"closed","ping_status":"closed","template":"","meta":{"_monsterinsights_skip_tracking":false,"_monsterinsights_sitenote_active":false,"_monsterinsights_sitenote_note":"","_monsterinsights_sitenote_category":0,"_uf_show_specific_survey":0,"_uf_disable_surveys":false,"footnotes":""},"class_list":["post-991074","page","type-page","status-publish","hentry"],"yoast_head":"<!-- This site is optimized with the Yoast SEO Premium plugin v19.0.1 (Yoast SEO v24.7) - https:\/\/yoast.com\/wordpress\/plugins\/seo\/ -->\n<title>Restorative Dentistry Specialist Asu Nur Sand\u0131k\u00e7\u0131 \u00d6zt\u00fcrk - Klinik 45<\/title>\n<meta name=\"description\" content=\"2002 y\u0131l\u0131nda Manisa Fatih Anadolu Lisesinden mezun olduktan sonra 2002 Ankara \u00dcniversitesi Di\u015f Hekimli\u011fi Fak\u00fcltesini kazand\u0131m. \ud83e\uddb7\" \/>\n<meta name=\"robots\" content=\"index, follow, max-snippet:-1, max-image-preview:large, max-video-preview:-1\" \/>\n<link rel=\"canonical\" href=\"https:\/\/www.klinik45.com\/en\/restorative-dentistry-specialist-asu-nur-sandikci-ozturk\/\" \/>\n<meta property=\"og:locale\" content=\"en_US\" \/>\n<meta property=\"og:type\" content=\"article\" \/>\n<meta property=\"og:title\" content=\"Restorative Dentistry Specialist Asu Nur Sand\u0131k\u00e7\u0131 \u00d6zt\u00fcrk\" \/>\n<meta property=\"og:description\" content=\"2002 y\u0131l\u0131nda Manisa Fatih Anadolu Lisesinden mezun olduktan sonra 2002 Ankara \u00dcniversitesi Di\u015f Hekimli\u011fi Fak\u00fcltesini kazand\u0131m. \ud83e\uddb7\" \/>\n<meta property=\"og:url\" content=\"https:\/\/www.klinik45.com\/en\/restorative-dentistry-specialist-asu-nur-sandikci-ozturk\/\" \/>\n<meta property=\"og:site_name\" content=\"Klinik 45\" \/>\n<meta property=\"article:publisher\" content=\"https:\/\/www.instagram.com\/klinik45\" \/>\n<meta property=\"article:modified_time\" content=\"2024-03-21T06:30:42+00:00\" \/>\n<meta property=\"og:image\" content=\"https:\/\/www.klinik45.com\/wp-content\/uploads\/2022\/08\/gizem_altug_turkyilmaz-200x300.jpg\" \/>\n<meta name=\"twitter:card\" content=\"summary_large_image\" \/>\n<meta name=\"twitter:label1\" content=\"Est. reading time\" \/>\n\t<meta name=\"twitter:data1\" content=\"1 minute\" \/>\n<script type=\"application\/ld+json\" class=\"yoast-schema-graph\">{\"@context\":\"https:\/\/schema.org\",\"@graph\":[{\"@type\":\"WebPage\",\"@id\":\"https:\/\/www.klinik45.com\/en\/restorative-dentistry-specialist-asu-nur-sandikci-ozturk\/\",\"url\":\"https:\/\/www.klinik45.com\/en\/restorative-dentistry-specialist-asu-nur-sandikci-ozturk\/\",\"name\":\"Restorative Dentistry Specialist Asu Nur Sand\u0131k\u00e7\u0131 \u00d6zt\u00fcrk - Klinik 45\",\"isPartOf\":{\"@id\":\"https:\/\/www.klinik45.com\/#website\"},\"datePublished\":\"2024-03-14T07:22:52+00:00\",\"dateModified\":\"2024-03-21T06:30:42+00:00\",\"description\":\"2002 y\u0131l\u0131nda Manisa Fatih Anadolu Lisesinden mezun olduktan sonra 2002 Ankara \u00dcniversitesi Di\u015f Hekimli\u011fi Fak\u00fcltesini kazand\u0131m. \ud83e\uddb7\",\"breadcrumb\":{\"@id\":\"https:\/\/www.klinik45.com\/en\/restorative-dentistry-specialist-asu-nur-sandikci-ozturk\/#breadcrumb\"},\"inLanguage\":\"en-US\",\"potentialAction\":[{\"@type\":\"ReadAction\",\"target\":[\"https:\/\/www.klinik45.com\/en\/restorative-dentistry-specialist-asu-nur-sandikci-ozturk\/\"]}]},{\"@type\":\"BreadcrumbList\",\"@id\":\"https:\/\/www.klinik45.com\/en\/restorative-dentistry-specialist-asu-nur-sandikci-ozturk\/#breadcrumb\",\"itemListElement\":[{\"@type\":\"ListItem\",\"position\":1,\"name\":\"Home\",\"item\":\"https:\/\/www.klinik45.com\/en\/\"},{\"@type\":\"ListItem\",\"position\":2,\"name\":\"Restorative Dentistry Specialist Asu Nur Sand\u0131k\u00e7\u0131 \u00d6zt\u00fcrk\"}]},{\"@type\":\"WebSite\",\"@id\":\"https:\/\/www.klinik45.com\/#website\",\"url\":\"https:\/\/www.klinik45.com\/\",\"name\":\"Klinik 45\",\"description\":\"Manisa Invisalign Ortodonti \u0130mplant Cerrahisi Di\u015f Esteti\u011fi\",\"publisher\":{\"@id\":\"https:\/\/www.klinik45.com\/#organization\"},\"potentialAction\":[{\"@type\":\"SearchAction\",\"target\":{\"@type\":\"EntryPoint\",\"urlTemplate\":\"https:\/\/www.klinik45.com\/?s={search_term_string}\"},\"query-input\":{\"@type\":\"PropertyValueSpecification\",\"valueRequired\":true,\"valueName\":\"search_term_string\"}}],\"inLanguage\":\"en-US\"},{\"@type\":\"Organization\",\"@id\":\"https:\/\/www.klinik45.com\/#organization\",\"name\":\"Klinik45\",\"url\":\"https:\/\/www.klinik45.com\/\",\"logo\":{\"@type\":\"ImageObject\",\"inLanguage\":\"en-US\",\"@id\":\"https:\/\/www.klinik45.com\/#\/schema\/logo\/image\/\",\"url\":\"https:\/\/www.klinik45.com\/wp-content\/uploads\/2020\/03\/klinik45_new_logo.png\",\"contentUrl\":\"https:\/\/www.klinik45.com\/wp-content\/uploads\/2020\/03\/klinik45_new_logo.png\",\"width\":349,\"height\":106,\"caption\":\"Klinik45\"},\"image\":{\"@id\":\"https:\/\/www.klinik45.com\/#\/schema\/logo\/image\/\"},\"sameAs\":[\"https:\/\/www.instagram.com\/klinik45\"]}]}<\/script>\n<!-- \/ Yoast SEO Premium plugin. -->","yoast_head_json":{"title":"Restorative Dentistry Specialist Asu Nur Sand\u0131k\u00e7\u0131 \u00d6zt\u00fcrk - Klinik 45","description":"2002 y\u0131l\u0131nda Manisa Fatih Anadolu Lisesinden mezun olduktan sonra 2002 Ankara \u00dcniversitesi Di\u015f Hekimli\u011fi Fak\u00fcltesini kazand\u0131m. \ud83e\uddb7","robots":{"index":"index","follow":"follow","max-snippet":"max-snippet:-1","max-image-preview":"max-image-preview:large","max-video-preview":"max-video-preview:-1"},"canonical":"https:\/\/www.klinik45.com\/en\/restorative-dentistry-specialist-asu-nur-sandikci-ozturk\/","og_locale":"en_US","og_type":"article","og_title":"Restorative Dentistry Specialist Asu Nur Sand\u0131k\u00e7\u0131 \u00d6zt\u00fcrk","og_description":"2002 y\u0131l\u0131nda Manisa Fatih Anadolu Lisesinden mezun olduktan sonra 2002 Ankara \u00dcniversitesi Di\u015f Hekimli\u011fi Fak\u00fcltesini kazand\u0131m. \ud83e\uddb7","og_url":"https:\/\/www.klinik45.com\/en\/restorative-dentistry-specialist-asu-nur-sandikci-ozturk\/","og_site_name":"Klinik 45","article_publisher":"https:\/\/www.instagram.com\/klinik45","article_modified_time":"2024-03-21T06:30:42+00:00","og_image":[{"url":"https:\/\/www.klinik45.com\/wp-content\/uploads\/2022\/08\/gizem_altug_turkyilmaz-200x300.jpg","type":"","width":"","height":""}],"twitter_card":"summary_large_image","twitter_misc":{"Est. reading time":"1 minute"},"schema":{"@context":"https:\/\/schema.org","@graph":[{"@type":"WebPage","@id":"https:\/\/www.klinik45.com\/en\/restorative-dentistry-specialist-asu-nur-sandikci-ozturk\/","url":"https:\/\/www.klinik45.com\/en\/restorative-dentistry-specialist-asu-nur-sandikci-ozturk\/","name":"Restorative Dentistry Specialist Asu Nur Sand\u0131k\u00e7\u0131 \u00d6zt\u00fcrk - Klinik 45","isPartOf":{"@id":"https:\/\/www.klinik45.com\/#website"},"datePublished":"2024-03-14T07:22:52+00:00","dateModified":"2024-03-21T06:30:42+00:00","description":"2002 y\u0131l\u0131nda Manisa Fatih Anadolu Lisesinden mezun olduktan sonra 2002 Ankara \u00dcniversitesi Di\u015f Hekimli\u011fi Fak\u00fcltesini kazand\u0131m. \ud83e\uddb7","breadcrumb":{"@id":"https:\/\/www.klinik45.com\/en\/restorative-dentistry-specialist-asu-nur-sandikci-ozturk\/#breadcrumb"},"inLanguage":"en-US","potentialAction":[{"@type":"ReadAction","target":["https:\/\/www.klinik45.com\/en\/restorative-dentistry-specialist-asu-nur-sandikci-ozturk\/"]}]},{"@type":"BreadcrumbList","@id":"https:\/\/www.klinik45.com\/en\/restorative-dentistry-specialist-asu-nur-sandikci-ozturk\/#breadcrumb","itemListElement":[{"@type":"ListItem","position":1,"name":"Home","item":"https:\/\/www.klinik45.com\/en\/"},{"@type":"ListItem","position":2,"name":"Restorative Dentistry Specialist Asu Nur Sand\u0131k\u00e7\u0131 \u00d6zt\u00fcrk"}]},{"@type":"WebSite","@id":"https:\/\/www.klinik45.com\/#website","url":"https:\/\/www.klinik45.com\/","name":"Klinik 45","description":"Manisa Invisalign Ortodonti \u0130mplant Cerrahisi Di\u015f Esteti\u011fi","publisher":{"@id":"https:\/\/www.klinik45.com\/#organization"},"potentialAction":[{"@type":"SearchAction","target":{"@type":"EntryPoint","urlTemplate":"https:\/\/www.klinik45.com\/?s={search_term_string}"},"query-input":{"@type":"PropertyValueSpecification","valueRequired":true,"valueName":"search_term_string"}}],"inLanguage":"en-US"},{"@type":"Organization","@id":"https:\/\/www.klinik45.com\/#organization","name":"Klinik45","url":"https:\/\/www.klinik45.com\/","logo":{"@type":"ImageObject","inLanguage":"en-US","@id":"https:\/\/www.klinik45.com\/#\/schema\/logo\/image\/","url":"https:\/\/www.klinik45.com\/wp-content\/uploads\/2020\/03\/klinik45_new_logo.png","contentUrl":"https:\/\/www.klinik45.com\/wp-content\/uploads\/2020\/03\/klinik45_new_logo.png","width":349,"height":106,"caption":"Klinik45"},"image":{"@id":"https:\/\/www.klinik45.com\/#\/schema\/logo\/image\/"},"sameAs":["https:\/\/www.instagram.com\/klinik45"]}]}},"_links":{"self":[{"href":"https:\/\/www.klinik45.com\/en\/wp-json\/wp\/v2\/pages\/991074","targetHints":{"allow":["GET"]}}],"collection":[{"href":"https:\/\/www.klinik45.com\/en\/wp-json\/wp\/v2\/pages"}],"about":[{"href":"https:\/\/www.klinik45.com\/en\/wp-json\/wp\/v2\/types\/page"}],"author":[{"embeddable":true,"href":"https:\/\/www.klinik45.com\/en\/wp-json\/wp\/v2\/users\/1"}],"replies":[{"embeddable":true,"href":"https:\/\/www.klinik45.com\/en\/wp-json\/wp\/v2\/comments?post=991074"}],"version-history":[{"count":5,"href":"https:\/\/www.klinik45.com\/en\/wp-json\/wp\/v2\/pages\/991074\/revisions"}],"predecessor-version":[{"id":991126,"href":"https:\/\/www.klinik45.com\/en\/wp-json\/wp\/v2\/pages\/991074\/revisions\/991126"}],"wp:attachment":[{"href":"https:\/\/www.klinik45.com\/en\/wp-json\/wp\/v2\/media?parent=991074"}],"curies":[{"name":"wp","href":"https:\/\/api.w.org\/{rel}","templated":true}]}}