{"id":990102,"date":"2022-08-13T16:13:24","date_gmt":"2022-08-13T13:13:24","guid":{"rendered":"https:\/\/www.klinik45.com\/our-services\/fizik-tedavi\/"},"modified":"2022-09-12T13:04:38","modified_gmt":"2022-09-12T10:04:38","slug":"physiotherapy","status":"publish","type":"page","link":"https:\/\/www.klinik45.com\/en\/our-services\/physiotherapy\/","title":{"rendered":"Physiotherapy"},"content":{"rendered":"\t\t<div data-elementor-type=\"wp-page\" data-elementor-id=\"990102\" class=\"elementor elementor-990102\" data-elementor-post-type=\"page\">\n\t\t\t\t\t\t<section class=\"elementor-section elementor-top-section elementor-element elementor-element-35f74ef elementor-section-height-min-height elementor-section-items-stretch elementor-section-boxed elementor-section-height-default\" data-id=\"35f74ef\" data-element_type=\"section\">\n\t\t\t\t\t\t<div class=\"elementor-container elementor-column-gap-default\">\n\t\t\t\t\t<div class=\"elementor-column elementor-col-100 elementor-top-column elementor-element elementor-element-cd4ea3c\" data-id=\"cd4ea3c\" data-element_type=\"column\" data-settings=\"{&quot;background_background&quot;:&quot;classic&quot;,&quot;background_motion_fx_motion_fx_scrolling&quot;:&quot;yes&quot;,&quot;background_motion_fx_scale_effect&quot;:&quot;yes&quot;,&quot;background_motion_fx_scale_speed&quot;:{&quot;unit&quot;:&quot;px&quot;,&quot;size&quot;:2,&quot;sizes&quot;:[]},&quot;background_motion_fx_scale_range&quot;:{&quot;unit&quot;:&quot;%&quot;,&quot;size&quot;:&quot;&quot;,&quot;sizes&quot;:{&quot;start&quot;:66,&quot;end&quot;:93}},&quot;background_motion_fx_devices&quot;:[&quot;desktop&quot;],&quot;background_motion_fx_scale_direction&quot;:&quot;out-in&quot;}\">\n\t\t\t<div class=\"elementor-widget-wrap elementor-element-populated\">\n\t\t\t\t\t\t<section class=\"elementor-section elementor-inner-section elementor-element elementor-element-1a17b1d elementor-section-boxed elementor-section-height-default elementor-section-height-default\" data-id=\"1a17b1d\" data-element_type=\"section\">\n\t\t\t\t\t\t<div class=\"elementor-container elementor-column-gap-default\">\n\t\t\t\t\t<div class=\"elementor-column elementor-col-50 elementor-inner-column elementor-element elementor-element-79f89b8\" data-id=\"79f89b8\" data-element_type=\"column\">\n\t\t\t<div class=\"elementor-widget-wrap\">\n\t\t\t\t\t\t\t<\/div>\n\t\t<\/div>\n\t\t\t\t<div class=\"elementor-column elementor-col-50 elementor-inner-column elementor-element elementor-element-d057df1\" data-id=\"d057df1\" data-element_type=\"column\">\n\t\t\t<div class=\"elementor-widget-wrap elementor-element-populated\">\n\t\t\t\t\t\t<div class=\"elementor-element elementor-element-173b2ca elementor-shape-circle e-grid-align-right elementor-widget__width-auto elementor-grid-0 elementor-widget elementor-widget-social-icons\" data-id=\"173b2ca\" data-element_type=\"widget\" data-widget_type=\"social-icons.default\">\n\t\t\t\t<div class=\"elementor-widget-container\">\n\t\t\t\t\t\t\t<div class=\"elementor-social-icons-wrapper elementor-grid\">\n\t\t\t\t\t\t\t<span class=\"elementor-grid-item\">\n\t\t\t\t\t<a class=\"elementor-icon elementor-social-icon elementor-social-icon-print elementor-repeater-item-f0b87d5 vamtam-trigger-print\" href=\"#\">\n\t\t\t\t\t\t<span class=\"elementor-screen-only\">Print<\/span>\n\t\t\t\t\t\t<i class=\"fas fa-print\"><\/i>\t\t\t\t\t<\/a>\n\t\t\t\t<\/span>\n\t\t\t\t\t\t\t<span class=\"elementor-grid-item\">\n\t\t\t\t\t<a class=\"elementor-icon elementor-social-icon elementor-social-icon-envelope elementor-repeater-item-220d436\" target=\"_blank\">\n\t\t\t\t\t\t<span class=\"elementor-screen-only\">Envelope<\/span>\n\t\t\t\t\t\t<i class=\"fas fa-envelope\"><\/i>\t\t\t\t\t<\/a>\n\t\t\t\t<\/span>\n\t\t\t\t\t\t\t<span class=\"elementor-grid-item\">\n\t\t\t\t\t<a class=\"elementor-icon elementor-social-icon elementor-social-icon-share-alt elementor-repeater-item-fe46285\" href=\"#elementor-action%3Aaction%3Dpopup%3Aopen%26settings%3DeyJpZCI6IjI3NDIiLCJ0b2dnbGUiOmZhbHNlfQ%3D%3D\" target=\"_blank\">\n\t\t\t\t\t\t<span class=\"elementor-screen-only\">Share-alt<\/span>\n\t\t\t\t\t\t<i class=\"fas fa-share-alt\"><\/i>\t\t\t\t\t<\/a>\n\t\t\t\t<\/span>\n\t\t\t\t\t<\/div>\n\t\t\t\t\t\t<\/div>\n\t\t\t\t<\/div>\n\t\t\t\t\t<\/div>\n\t\t<\/div>\n\t\t\t\t\t<\/div>\n\t\t<\/section>\n\t\t\t\t\t<\/div>\n\t\t<\/div>\n\t\t\t\t\t<\/div>\n\t\t<\/section>\n\t\t\t\t<section class=\"elementor-section elementor-top-section elementor-element elementor-element-e0c23a5 elementor-section-height-min-height elementor-section-items-stretch elementor-section-boxed elementor-section-height-default\" data-id=\"e0c23a5\" data-element_type=\"section\">\n\t\t\t\t\t\t<div class=\"elementor-container elementor-column-gap-default\">\n\t\t\t\t\t<div class=\"elementor-column elementor-col-100 elementor-top-column elementor-element elementor-element-e13ed64\" data-id=\"e13ed64\" data-element_type=\"column\" data-settings=\"{&quot;background_background&quot;:&quot;classic&quot;}\">\n\t\t\t<div class=\"elementor-widget-wrap elementor-element-populated\">\n\t\t\t\t\t\t<section class=\"elementor-section elementor-inner-section elementor-element elementor-element-980eb50 elementor-section-boxed elementor-section-height-default elementor-section-height-default\" data-id=\"980eb50\" data-element_type=\"section\">\n\t\t\t\t\t\t<div class=\"elementor-container elementor-column-gap-default\">\n\t\t\t\t\t<div class=\"elementor-column elementor-col-50 elementor-inner-column elementor-element elementor-element-e367796\" data-id=\"e367796\" data-element_type=\"column\">\n\t\t\t<div class=\"elementor-widget-wrap elementor-element-populated\">\n\t\t\t\t\t\t<div class=\"elementor-element elementor-element-c61b673 elementor-widget-mobile__width-auto elementor-widget elementor-widget-heading\" data-id=\"c61b673\" data-element_type=\"widget\" data-widget_type=\"heading.default\">\n\t\t\t\t<div class=\"elementor-widget-container\">\n\t\t\t\t\t<h5 class=\"elementor-heading-title elementor-size-default\"><a href=\"https:\/\/www.klinik45.com\/hizmetlerimiz\/\">Services ><\/a><\/h5>\t\t\t\t<\/div>\n\t\t\t\t<\/div>\n\t\t\t\t\t<\/div>\n\t\t<\/div>\n\t\t\t\t<div class=\"elementor-column elementor-col-50 elementor-inner-column elementor-element elementor-element-33b4e54 elementor-hidden-desktop elementor-hidden-tablet\" data-id=\"33b4e54\" data-element_type=\"column\">\n\t\t\t<div class=\"elementor-widget-wrap elementor-element-populated\">\n\t\t\t\t\t\t<div class=\"elementor-element elementor-element-dc512e9 elementor-widget__width-auto elementor-view-default elementor-widget elementor-widget-icon\" data-id=\"dc512e9\" data-element_type=\"widget\" data-widget_type=\"icon.default\">\n\t\t\t\t<div class=\"elementor-widget-container\">\n\t\t\t\t\t\t\t<div class=\"elementor-icon-wrapper\">\n\t\t\t<div class=\"elementor-icon\">\n\t\t\t<i aria-hidden=\"true\" class=\"vamtamtheme- vamtam-theme-emergency-phone\"><\/i>\t\t\t<\/div>\n\t\t<\/div>\n\t\t\t\t\t\t<\/div>\n\t\t\t\t<\/div>\n\t\t\t\t<div class=\"elementor-element elementor-element-4e62131 elementor-widget__width-auto elementor-widget elementor-widget-heading\" data-id=\"4e62131\" data-element_type=\"widget\" data-widget_type=\"heading.default\">\n\t\t\t\t<div class=\"elementor-widget-container\">\n\t\t\t\t\t<h5 class=\"elementor-heading-title elementor-size-default\"><a href=\"tel:\/\/+902362504066\">+90 236 250 40 66<\/a><\/h5>\t\t\t\t<\/div>\n\t\t\t\t<\/div>\n\t\t\t\t\t<\/div>\n\t\t<\/div>\n\t\t\t\t\t<\/div>\n\t\t<\/section>\n\t\t\t\t<section class=\"elementor-section elementor-inner-section elementor-element elementor-element-a14f1e9 elementor-section-boxed elementor-section-height-default elementor-section-height-default\" data-id=\"a14f1e9\" data-element_type=\"section\">\n\t\t\t\t\t\t<div class=\"elementor-container elementor-column-gap-default\">\n\t\t\t\t\t<div class=\"elementor-column elementor-col-100 elementor-inner-column elementor-element elementor-element-c7f8a30\" data-id=\"c7f8a30\" data-element_type=\"column\">\n\t\t\t<div class=\"elementor-widget-wrap elementor-element-populated\">\n\t\t\t\t\t\t<div class=\"elementor-element elementor-element-7bc2c5d elementor-widget elementor-widget-heading\" data-id=\"7bc2c5d\" data-element_type=\"widget\" data-widget_type=\"heading.default\">\n\t\t\t\t<div class=\"elementor-widget-container\">\n\t\t\t\t\t<h1 class=\"elementor-heading-title elementor-size-default\">Physiotherapy<\/h1>\t\t\t\t<\/div>\n\t\t\t\t<\/div>\n\t\t\t\t\t<\/div>\n\t\t<\/div>\n\t\t\t\t\t<\/div>\n\t\t<\/section>\n\t\t\t\t\t<\/div>\n\t\t<\/div>\n\t\t\t\t\t<\/div>\n\t\t<\/section>\n\t\t\t\t<section class=\"elementor-section elementor-top-section elementor-element elementor-element-158ff1f elementor-section-height-min-height elementor-section-items-stretch elementor-section-boxed elementor-section-height-default\" data-id=\"158ff1f\" data-element_type=\"section\">\n\t\t\t\t\t\t<div class=\"elementor-container elementor-column-gap-default\">\n\t\t\t\t\t<div class=\"elementor-column elementor-col-100 elementor-top-column elementor-element elementor-element-b64d2cb\" data-id=\"b64d2cb\" data-element_type=\"column\" data-settings=\"{&quot;background_background&quot;:&quot;classic&quot;}\">\n\t\t\t<div class=\"elementor-widget-wrap elementor-element-populated\">\n\t\t\t\t\t\t<section class=\"elementor-section elementor-inner-section elementor-element elementor-element-9afb710 elementor-section-boxed elementor-section-height-default elementor-section-height-default\" data-id=\"9afb710\" data-element_type=\"section\">\n\t\t\t\t\t\t<div class=\"elementor-container elementor-column-gap-default\">\n\t\t\t\t\t<div class=\"elementor-column elementor-col-50 elementor-inner-column elementor-element elementor-element-3b1a9d2\" data-id=\"3b1a9d2\" data-element_type=\"column\">\n\t\t\t<div class=\"elementor-widget-wrap elementor-element-populated\">\n\t\t\t\t\t\t<div class=\"elementor-element elementor-element-20f6e35 elementor-align-left elementor-mobile-align-left elementor-widget-mobile__width-auto elementor-widget elementor-widget-button\" data-id=\"20f6e35\" data-element_type=\"widget\" data-widget_type=\"button.default\">\n\t\t\t\t<div class=\"elementor-widget-container\">\n\t\t\t\t\t\t\t\t\t<div class=\"elementor-button-wrapper\">\n\t\t\t\t\t<a class=\"elementor-button elementor-button-link elementor-size-sm\" href=\"https:\/\/www.klinik45.com\/en\/contact\">\n\t\t\t\t\t\t<span class=\"elementor-button-content-wrapper\">\n\t\t\t\t\t\t\t\t\t<span class=\"elementor-button-text\">Request An Appointment ><\/span>\n\t\t\t\t\t<\/span>\n\t\t\t\t\t<\/a>\n\t\t\t\t<\/div>\n\t\t\t\t\t\t\t\t<\/div>\n\t\t\t\t<\/div>\n\t\t\t\t\t<\/div>\n\t\t<\/div>\n\t\t\t\t<div class=\"elementor-column elementor-col-50 elementor-inner-column elementor-element elementor-element-15abeb5 elementor-hidden-phone\" data-id=\"15abeb5\" data-element_type=\"column\">\n\t\t\t<div class=\"elementor-widget-wrap elementor-element-populated\">\n\t\t\t\t\t\t<div class=\"elementor-element elementor-element-1d7ad23 elementor-widget__width-auto elementor-view-default elementor-widget elementor-widget-icon\" data-id=\"1d7ad23\" data-element_type=\"widget\" data-widget_type=\"icon.default\">\n\t\t\t\t<div class=\"elementor-widget-container\">\n\t\t\t\t\t\t\t<div class=\"elementor-icon-wrapper\">\n\t\t\t<div class=\"elementor-icon\">\n\t\t\t<i aria-hidden=\"true\" class=\"vamtamtheme- vamtam-theme-emergency-phone\"><\/i>\t\t\t<\/div>\n\t\t<\/div>\n\t\t\t\t\t\t<\/div>\n\t\t\t\t<\/div>\n\t\t\t\t<div class=\"elementor-element elementor-element-dcd4fd0 elementor-widget__width-auto elementor-widget elementor-widget-heading\" data-id=\"dcd4fd0\" data-element_type=\"widget\" data-widget_type=\"heading.default\">\n\t\t\t\t<div class=\"elementor-widget-container\">\n\t\t\t\t\t<h5 class=\"elementor-heading-title elementor-size-default\"><a href=\"tel:\/\/+902362504066\">+90 236 250 40 66<\/a><\/h5>\t\t\t\t<\/div>\n\t\t\t\t<\/div>\n\t\t\t\t\t<\/div>\n\t\t<\/div>\n\t\t\t\t\t<\/div>\n\t\t<\/section>\n\t\t\t\t\t<\/div>\n\t\t<\/div>\n\t\t\t\t\t<\/div>\n\t\t<\/section>\n\t\t\t\t<section class=\"elementor-section elementor-top-section elementor-element elementor-element-3f399a5 elementor-section-boxed elementor-section-height-default elementor-section-height-default\" data-id=\"3f399a5\" data-element_type=\"section\">\n\t\t\t\t\t\t<div class=\"elementor-container elementor-column-gap-default\">\n\t\t\t\t\t<div class=\"elementor-column elementor-col-66 elementor-top-column elementor-element elementor-element-ee8c6d3\" data-id=\"ee8c6d3\" data-element_type=\"column\">\n\t\t\t<div class=\"elementor-widget-wrap elementor-element-populated\">\n\t\t\t\t\t\t<section class=\"elementor-section elementor-inner-section elementor-element elementor-element-a32cc04 elementor-section-boxed elementor-section-height-default elementor-section-height-default\" data-id=\"a32cc04\" data-element_type=\"section\">\n\t\t\t\t\t\t<div class=\"elementor-container elementor-column-gap-default\">\n\t\t\t\t\t<div class=\"elementor-column elementor-col-100 elementor-inner-column elementor-element elementor-element-d1c0be8\" data-id=\"d1c0be8\" data-element_type=\"column\">\n\t\t\t<div class=\"elementor-widget-wrap elementor-element-populated\">\n\t\t\t\t\t\t<div class=\"elementor-element elementor-element-8b469a9 elementor-widget__width-auto elementor-widget elementor-widget-heading\" data-id=\"8b469a9\" data-element_type=\"widget\" data-widget_type=\"heading.default\">\n\t\t\t\t<div class=\"elementor-widget-container\">\n\t\t\t\t\t<h5 class=\"elementor-heading-title elementor-size-default\">Services > Physiotherapy<\/h5>\t\t\t\t<\/div>\n\t\t\t\t<\/div>\n\t\t\t\t<div class=\"elementor-element elementor-element-779de25 elementor-widget elementor-widget-heading\" data-id=\"779de25\" data-element_type=\"widget\" data-widget_type=\"heading.default\">\n\t\t\t\t<div class=\"elementor-widget-container\">\n\t\t\t\t\t<h3 class=\"elementor-heading-title elementor-size-default\">Physiotherapy<\/h3>\t\t\t\t<\/div>\n\t\t\t\t<\/div>\n\t\t\t\t<div class=\"elementor-element elementor-element-a0b9ccc elementor-widget elementor-widget-text-editor\" data-id=\"a0b9ccc\" data-element_type=\"widget\" data-widget_type=\"text-editor.default\">\n\t\t\t\t<div class=\"elementor-widget-container\">\n\t\t\t\t\t\t\t\t\t<p>Physical therapy is a treatment method that treats functional disorders caused by trauma, accident, congenital disorders or other reasons and enables the patient easily to be able to move in his daily life.<\/p><p>\u00a0<\/p><p>Physiotherapy services have been added to the services offered at Klinik45 in order to ensure that our patients who suffer from low back, neck, shoulder, head and back pain can lead a better quality of life. Physiotherapy, which is preferred in the treatment of different diseases related to bone and muscle, is applied by being personalized according to the need of the patient. Physiotherapy is used to correct posture &amp; muscle imbalance and to increase endurance in addition to mobility. The physiotherapy process and duration are determined according to the patient&#8217;s needs and health status.<\/p>\t\t\t\t\t\t\t\t<\/div>\n\t\t\t\t<\/div>\n\t\t\t\t\t<\/div>\n\t\t<\/div>\n\t\t\t\t\t<\/div>\n\t\t<\/section>\n\t\t\t\t\t<\/div>\n\t\t<\/div>\n\t\t\t\t<div class=\"elementor-column elementor-col-33 elementor-top-column elementor-element elementor-element-35f15fb\" data-id=\"35f15fb\" data-element_type=\"column\">\n\t\t\t<div class=\"elementor-widget-wrap elementor-element-populated\">\n\t\t\t\t\t\t<div class=\"elementor-element elementor-element-0274df1 elementor-cta--skin-classic elementor-animated-content elementor-widget elementor-widget-call-to-action\" data-id=\"0274df1\" data-element_type=\"widget\" data-widget_type=\"call-to-action.default\">\n\t\t\t\t<div class=\"elementor-widget-container\">\n\t\t\t\t\t\t\t<a class=\"elementor-cta\" href=\"https:\/\/www.klinik45.com\/en\/dr-dt-gizem-altug-turkyilmaz\/\">\n\t\t\t\t\t<div class=\"elementor-cta__bg-wrapper\">\n\t\t\t\t<div class=\"elementor-cta__bg elementor-bg\" style=\"background-image: url(https:\/\/www.klinik45.com\/wp-content\/uploads\/2022\/08\/gizem_altug_turkyilmaz.jpg);\" role=\"img\" aria-label=\"gizem_altug_turkyilmaz\"><\/div>\n\t\t\t\t<div class=\"elementor-cta__bg-overlay\"><\/div>\n\t\t\t<\/div>\n\t\t\t\t\t\t\t<div class=\"elementor-cta__content\">\n\t\t\t\t\n\t\t\t\t\t\t\t\t\t<h3 class=\"elementor-cta__title elementor-cta__content-item elementor-content-item\">\n\t\t\t\t\t\tDr. Dt. Gizem Altu\u011f T\u00fcrky\u0131lmaz\t\t\t\t\t<\/h3>\n\t\t\t\t\n\t\t\t\t\t\t\t\t\t<div class=\"elementor-cta__description elementor-cta__content-item elementor-content-item\">\n\t\t\t\t\t\tOrthodontist\t\t\t\t\t<\/div>\n\t\t\t\t\n\t\t\t\t\t\t\t<\/div>\n\t\t\t\t\t\t<\/a>\n\t\t\t\t\t\t<\/div>\n\t\t\t\t<\/div>\n\t\t\t\t<div class=\"elementor-element elementor-element-ea45223 elementor-cta--skin-classic elementor-animated-content elementor-widget elementor-widget-call-to-action\" data-id=\"ea45223\" data-element_type=\"widget\" data-widget_type=\"call-to-action.default\">\n\t\t\t\t<div class=\"elementor-widget-container\">\n\t\t\t\t\t\t\t<a class=\"elementor-cta\" href=\"https:\/\/www.klinik45.com\/en\/dr-dt-cem-turkyilmaz\/\">\n\t\t\t\t\t<div class=\"elementor-cta__bg-wrapper\">\n\t\t\t\t<div class=\"elementor-cta__bg elementor-bg\" style=\"background-image: url(https:\/\/www.klinik45.com\/wp-content\/uploads\/2022\/08\/cem_turkyilmaz.jpg);\" role=\"img\" aria-label=\"cem_turkyilmaz\"><\/div>\n\t\t\t\t<div class=\"elementor-cta__bg-overlay\"><\/div>\n\t\t\t<\/div>\n\t\t\t\t\t\t\t<div class=\"elementor-cta__content\">\n\t\t\t\t\n\t\t\t\t\t\t\t\t\t<h3 class=\"elementor-cta__title elementor-cta__content-item elementor-content-item\">\n\t\t\t\t\t\tDr. Dt. Cem T\u00fcrky\u0131lmaz\t\t\t\t\t<\/h3>\n\t\t\t\t\n\t\t\t\t\t\t\t\t\t<div class=\"elementor-cta__description elementor-cta__content-item elementor-content-item\">\n\t\t\t\t\t\tPeriodontology Specialist\t\t\t\t\t<\/div>\n\t\t\t\t\n\t\t\t\t\t\t\t<\/div>\n\t\t\t\t\t\t<\/a>\n\t\t\t\t\t\t<\/div>\n\t\t\t\t<\/div>\n\t\t\t\t\t<\/div>\n\t\t<\/div>\n\t\t\t\t\t<\/div>\n\t\t<\/section>\n\t\t\t\t<\/div>\n\t\t","protected":false},"excerpt":{"rendered":"<p>Print Envelope Share-alt Services > +90 236 250 40 66 Request An Appointment > +90 236 250 40 66 Services > Physiotherapy Physiotherapy Physical therapy is a treatment method that treats functional disorders caused by trauma, accident, congenital disorders or other reasons and enables the patient easily to be able to move in his daily&#8230;<\/p>\n","protected":false},"author":1,"featured_media":0,"parent":990003,"menu_order":0,"comment_status":"closed","ping_status":"closed","template":"","meta":{"_monsterinsights_skip_tracking":false,"_monsterinsights_sitenote_active":false,"_monsterinsights_sitenote_note":"","_monsterinsights_sitenote_category":0,"_uf_show_specific_survey":0,"_uf_disable_surveys":false,"footnotes":""},"class_list":["post-990102","page","type-page","status-publish","hentry"],"yoast_head":"<!-- This site is optimized with the Yoast SEO Premium plugin v19.0.1 (Yoast SEO v24.7) - https:\/\/yoast.com\/wordpress\/plugins\/seo\/ -->\n<title>Physiotherapy - Klinik 45<\/title>\n<meta name=\"robots\" content=\"index, follow, max-snippet:-1, max-image-preview:large, max-video-preview:-1\" \/>\n<link rel=\"canonical\" href=\"https:\/\/www.klinik45.com\/en\/our-services\/physiotherapy\/\" \/>\n<meta property=\"og:locale\" content=\"en_US\" \/>\n<meta property=\"og:type\" content=\"article\" \/>\n<meta property=\"og:title\" content=\"Physiotherapy\" \/>\n<meta property=\"og:description\" content=\"Print Envelope Share-alt Services &gt; +90 236 250 40 66 Request An Appointment &gt; +90 236 250 40 66 Services &gt; Physiotherapy Physiotherapy Physical therapy is a treatment method that treats functional disorders caused by trauma, accident, congenital disorders or other reasons and enables the patient easily to be able to move in his daily...\" \/>\n<meta property=\"og:url\" content=\"https:\/\/www.klinik45.com\/en\/our-services\/physiotherapy\/\" \/>\n<meta property=\"og:site_name\" content=\"Klinik 45\" \/>\n<meta property=\"article:publisher\" content=\"https:\/\/www.instagram.com\/klinik45\" \/>\n<meta property=\"article:modified_time\" content=\"2022-09-12T10:04:38+00:00\" \/>\n<meta name=\"twitter:card\" content=\"summary_large_image\" \/>\n<meta name=\"twitter:label1\" content=\"Est. reading time\" \/>\n\t<meta name=\"twitter:data1\" content=\"1 minute\" \/>\n<script type=\"application\/ld+json\" class=\"yoast-schema-graph\">{\"@context\":\"https:\/\/schema.org\",\"@graph\":[{\"@type\":\"WebPage\",\"@id\":\"https:\/\/www.klinik45.com\/en\/our-services\/physiotherapy\/\",\"url\":\"https:\/\/www.klinik45.com\/en\/our-services\/physiotherapy\/\",\"name\":\"Physiotherapy - Klinik 45\",\"isPartOf\":{\"@id\":\"https:\/\/www.klinik45.com\/#website\"},\"datePublished\":\"2022-08-13T13:13:24+00:00\",\"dateModified\":\"2022-09-12T10:04:38+00:00\",\"breadcrumb\":{\"@id\":\"https:\/\/www.klinik45.com\/en\/our-services\/physiotherapy\/#breadcrumb\"},\"inLanguage\":\"en-US\",\"potentialAction\":[{\"@type\":\"ReadAction\",\"target\":[\"https:\/\/www.klinik45.com\/en\/our-services\/physiotherapy\/\"]}]},{\"@type\":\"BreadcrumbList\",\"@id\":\"https:\/\/www.klinik45.com\/en\/our-services\/physiotherapy\/#breadcrumb\",\"itemListElement\":[{\"@type\":\"ListItem\",\"position\":1,\"name\":\"Home\",\"item\":\"https:\/\/www.klinik45.com\/en\/\"},{\"@type\":\"ListItem\",\"position\":2,\"name\":\"Our Services\",\"item\":\"https:\/\/www.klinik45.com\/en\/our-services\/\"},{\"@type\":\"ListItem\",\"position\":3,\"name\":\"Physiotherapy\"}]},{\"@type\":\"WebSite\",\"@id\":\"https:\/\/www.klinik45.com\/#website\",\"url\":\"https:\/\/www.klinik45.com\/\",\"name\":\"Klinik 45\",\"description\":\"Manisa Invisalign Ortodonti \u0130mplant Cerrahisi Di\u015f Esteti\u011fi\",\"publisher\":{\"@id\":\"https:\/\/www.klinik45.com\/#organization\"},\"potentialAction\":[{\"@type\":\"SearchAction\",\"target\":{\"@type\":\"EntryPoint\",\"urlTemplate\":\"https:\/\/www.klinik45.com\/?s={search_term_string}\"},\"query-input\":{\"@type\":\"PropertyValueSpecification\",\"valueRequired\":true,\"valueName\":\"search_term_string\"}}],\"inLanguage\":\"en-US\"},{\"@type\":\"Organization\",\"@id\":\"https:\/\/www.klinik45.com\/#organization\",\"name\":\"Klinik45\",\"url\":\"https:\/\/www.klinik45.com\/\",\"logo\":{\"@type\":\"ImageObject\",\"inLanguage\":\"en-US\",\"@id\":\"https:\/\/www.klinik45.com\/#\/schema\/logo\/image\/\",\"url\":\"https:\/\/www.klinik45.com\/wp-content\/uploads\/2020\/03\/klinik45_new_logo.png\",\"contentUrl\":\"https:\/\/www.klinik45.com\/wp-content\/uploads\/2020\/03\/klinik45_new_logo.png\",\"width\":349,\"height\":106,\"caption\":\"Klinik45\"},\"image\":{\"@id\":\"https:\/\/www.klinik45.com\/#\/schema\/logo\/image\/\"},\"sameAs\":[\"https:\/\/www.instagram.com\/klinik45\"]}]}<\/script>\n<!-- \/ Yoast SEO Premium plugin. -->","yoast_head_json":{"title":"Physiotherapy - Klinik 45","robots":{"index":"index","follow":"follow","max-snippet":"max-snippet:-1","max-image-preview":"max-image-preview:large","max-video-preview":"max-video-preview:-1"},"canonical":"https:\/\/www.klinik45.com\/en\/our-services\/physiotherapy\/","og_locale":"en_US","og_type":"article","og_title":"Physiotherapy","og_description":"Print Envelope Share-alt Services > +90 236 250 40 66 Request An Appointment > +90 236 250 40 66 Services > Physiotherapy Physiotherapy Physical therapy is a treatment method that treats functional disorders caused by trauma, accident, congenital disorders or other reasons and enables the patient easily to be able to move in his daily...","og_url":"https:\/\/www.klinik45.com\/en\/our-services\/physiotherapy\/","og_site_name":"Klinik 45","article_publisher":"https:\/\/www.instagram.com\/klinik45","article_modified_time":"2022-09-12T10:04:38+00:00","twitter_card":"summary_large_image","twitter_misc":{"Est. reading time":"1 minute"},"schema":{"@context":"https:\/\/schema.org","@graph":[{"@type":"WebPage","@id":"https:\/\/www.klinik45.com\/en\/our-services\/physiotherapy\/","url":"https:\/\/www.klinik45.com\/en\/our-services\/physiotherapy\/","name":"Physiotherapy - Klinik 45","isPartOf":{"@id":"https:\/\/www.klinik45.com\/#website"},"datePublished":"2022-08-13T13:13:24+00:00","dateModified":"2022-09-12T10:04:38+00:00","breadcrumb":{"@id":"https:\/\/www.klinik45.com\/en\/our-services\/physiotherapy\/#breadcrumb"},"inLanguage":"en-US","potentialAction":[{"@type":"ReadAction","target":["https:\/\/www.klinik45.com\/en\/our-services\/physiotherapy\/"]}]},{"@type":"BreadcrumbList","@id":"https:\/\/www.klinik45.com\/en\/our-services\/physiotherapy\/#breadcrumb","itemListElement":[{"@type":"ListItem","position":1,"name":"Home","item":"https:\/\/www.klinik45.com\/en\/"},{"@type":"ListItem","position":2,"name":"Our Services","item":"https:\/\/www.klinik45.com\/en\/our-services\/"},{"@type":"ListItem","position":3,"name":"Physiotherapy"}]},{"@type":"WebSite","@id":"https:\/\/www.klinik45.com\/#website","url":"https:\/\/www.klinik45.com\/","name":"Klinik 45","description":"Manisa Invisalign Ortodonti \u0130mplant Cerrahisi Di\u015f Esteti\u011fi","publisher":{"@id":"https:\/\/www.klinik45.com\/#organization"},"potentialAction":[{"@type":"SearchAction","target":{"@type":"EntryPoint","urlTemplate":"https:\/\/www.klinik45.com\/?s={search_term_string}"},"query-input":{"@type":"PropertyValueSpecification","valueRequired":true,"valueName":"search_term_string"}}],"inLanguage":"en-US"},{"@type":"Organization","@id":"https:\/\/www.klinik45.com\/#organization","name":"Klinik45","url":"https:\/\/www.klinik45.com\/","logo":{"@type":"ImageObject","inLanguage":"en-US","@id":"https:\/\/www.klinik45.com\/#\/schema\/logo\/image\/","url":"https:\/\/www.klinik45.com\/wp-content\/uploads\/2020\/03\/klinik45_new_logo.png","contentUrl":"https:\/\/www.klinik45.com\/wp-content\/uploads\/2020\/03\/klinik45_new_logo.png","width":349,"height":106,"caption":"Klinik45"},"image":{"@id":"https:\/\/www.klinik45.com\/#\/schema\/logo\/image\/"},"sameAs":["https:\/\/www.instagram.com\/klinik45"]}]}},"_links":{"self":[{"href":"https:\/\/www.klinik45.com\/en\/wp-json\/wp\/v2\/pages\/990102","targetHints":{"allow":["GET"]}}],"collection":[{"href":"https:\/\/www.klinik45.com\/en\/wp-json\/wp\/v2\/pages"}],"about":[{"href":"https:\/\/www.klinik45.com\/en\/wp-json\/wp\/v2\/types\/page"}],"author":[{"embeddable":true,"href":"https:\/\/www.klinik45.com\/en\/wp-json\/wp\/v2\/users\/1"}],"replies":[{"embeddable":true,"href":"https:\/\/www.klinik45.com\/en\/wp-json\/wp\/v2\/comments?post=990102"}],"version-history":[{"count":4,"href":"https:\/\/www.klinik45.com\/en\/wp-json\/wp\/v2\/pages\/990102\/revisions"}],"predecessor-version":[{"id":990109,"href":"https:\/\/www.klinik45.com\/en\/wp-json\/wp\/v2\/pages\/990102\/revisions\/990109"}],"up":[{"embeddable":true,"href":"https:\/\/www.klinik45.com\/en\/wp-json\/wp\/v2\/pages\/990003"}],"wp:attachment":[{"href":"https:\/\/www.klinik45.com\/en\/wp-json\/wp\/v2\/media?parent=990102"}],"curies":[{"name":"wp","href":"https:\/\/api.w.org\/{rel}","templated":true}]}}