{"id":989963,"date":"2022-08-11T11:21:04","date_gmt":"2022-08-11T08:21:04","guid":{"rendered":"https:\/\/www.klinik45.com\/dr-dt-cem-turkyilmaz\/"},"modified":"2022-09-09T12:37:33","modified_gmt":"2022-09-09T09:37:33","slug":"dr-dt-cem-turkyilmaz","status":"publish","type":"page","link":"https:\/\/www.klinik45.com\/en\/dr-dt-cem-turkyilmaz\/","title":{"rendered":"Dr. Dt. Cem T\u00fcrky\u0131lmaz"},"content":{"rendered":"\t\t<div data-elementor-type=\"wp-page\" data-elementor-id=\"989963\" class=\"elementor elementor-989963\" data-elementor-post-type=\"page\">\n\t\t\t\t\t\t<section class=\"elementor-section elementor-top-section elementor-element elementor-element-f03708e elementor-section-height-min-height elementor-section-items-stretch elementor-section-boxed elementor-section-height-default\" data-id=\"f03708e\" data-element_type=\"section\">\n\t\t\t\t\t\t<div class=\"elementor-container elementor-column-gap-default\">\n\t\t\t\t\t<div class=\"elementor-column elementor-col-100 elementor-top-column elementor-element elementor-element-ce60ff8\" data-id=\"ce60ff8\" data-element_type=\"column\" data-settings=\"{&quot;background_background&quot;:&quot;classic&quot;}\">\n\t\t\t<div class=\"elementor-widget-wrap elementor-element-populated\">\n\t\t\t\t\t\t<section class=\"elementor-section elementor-inner-section elementor-element elementor-element-0af4494 elementor-section-content-bottom elementor-reverse-mobile elementor-section-boxed elementor-section-height-default elementor-section-height-default\" data-id=\"0af4494\" data-element_type=\"section\" data-settings=\"{&quot;background_background&quot;:&quot;classic&quot;}\">\n\t\t\t\t\t\t<div class=\"elementor-container elementor-column-gap-default\">\n\t\t\t\t\t<div class=\"elementor-column elementor-col-50 elementor-inner-column elementor-element elementor-element-7c61307\" data-id=\"7c61307\" data-element_type=\"column\">\n\t\t\t<div class=\"elementor-widget-wrap elementor-element-populated\">\n\t\t\t\t\t\t<div class=\"elementor-element elementor-element-c5284ec elementor-widget elementor-widget-heading\" data-id=\"c5284ec\" data-element_type=\"widget\" data-widget_type=\"heading.default\">\n\t\t\t\t<div class=\"elementor-widget-container\">\n\t\t\t\t\t<h1 class=\"elementor-heading-title elementor-size-default\">Dr. Dt. Cem T\u00fcrky\u0131lmaz<\/h1>\t\t\t\t<\/div>\n\t\t\t\t<\/div>\n\t\t\t\t<div class=\"elementor-element elementor-element-81ba397 elementor-widget elementor-widget-heading\" data-id=\"81ba397\" data-element_type=\"widget\" data-widget_type=\"heading.default\">\n\t\t\t\t<div class=\"elementor-widget-container\">\n\t\t\t\t\t<h5 class=\"elementor-heading-title elementor-size-default\">Periodontology Specialist<\/h5>\t\t\t\t<\/div>\n\t\t\t\t<\/div>\n\t\t\t\t<div class=\"elementor-element elementor-element-587b2d0 elementor-shape-circle e-grid-align-left e-grid-align-tablet-left e-grid-align-mobile-right elementor-grid-0 elementor-widget elementor-widget-social-icons\" data-id=\"587b2d0\" data-element_type=\"widget\" data-widget_type=\"social-icons.default\">\n\t\t\t\t<div class=\"elementor-widget-container\">\n\t\t\t\t\t\t\t<div class=\"elementor-social-icons-wrapper elementor-grid\">\n\t\t\t\t\t\t\t<span class=\"elementor-grid-item\">\n\t\t\t\t\t<a class=\"elementor-icon elementor-social-icon elementor-social-icon-instagram elementor-animation-grow elementor-repeater-item-60b2600\" href=\"https:\/\/www.instagram.com\/drgizemaltugturkyilmaz\/\" target=\"_blank\">\n\t\t\t\t\t\t<span class=\"elementor-screen-only\">Instagram<\/span>\n\t\t\t\t\t\t<i class=\"fab fa-instagram\"><\/i>\t\t\t\t\t<\/a>\n\t\t\t\t<\/span>\n\t\t\t\t\t\t\t<span class=\"elementor-grid-item\">\n\t\t\t\t\t<a class=\"elementor-icon elementor-social-icon elementor-social-icon-linkedin elementor-animation-grow elementor-repeater-item-84d00e9\" href=\"https:\/\/www.linkedin.com\/in\/gizem-altu%C4%9F-t%C3%BCrky%C4%B1lmaz-1bb310a5\/\" target=\"_blank\">\n\t\t\t\t\t\t<span class=\"elementor-screen-only\">Linkedin<\/span>\n\t\t\t\t\t\t<i class=\"fab fa-linkedin\"><\/i>\t\t\t\t\t<\/a>\n\t\t\t\t<\/span>\n\t\t\t\t\t<\/div>\n\t\t\t\t\t\t<\/div>\n\t\t\t\t<\/div>\n\t\t\t\t<div class=\"elementor-element elementor-element-8c9854c elementor-hidden-phone elementor-widget-divider--view-line elementor-widget elementor-widget-divider\" data-id=\"8c9854c\" data-element_type=\"widget\" data-widget_type=\"divider.default\">\n\t\t\t\t<div class=\"elementor-widget-container\">\n\t\t\t\t\t\t\t<div class=\"elementor-divider\">\n\t\t\t<span class=\"elementor-divider-separator\">\n\t\t\t\t\t\t<\/span>\n\t\t<\/div>\n\t\t\t\t\t\t<\/div>\n\t\t\t\t<\/div>\n\t\t\t\t<div class=\"elementor-element elementor-element-bad2d08 elementor-tablet-align-justify elementor-mobile-align-justify elementor-widget__width-auto elementor-widget-mobile__width-inherit elementor-widget elementor-widget-button\" data-id=\"bad2d08\" data-element_type=\"widget\" data-widget_type=\"button.default\">\n\t\t\t\t<div class=\"elementor-widget-container\">\n\t\t\t\t\t\t\t\t\t<div class=\"elementor-button-wrapper\">\n\t\t\t\t\t<a class=\"elementor-button elementor-button-link elementor-size-sm\" href=\"\/iletisim\">\n\t\t\t\t\t\t<span class=\"elementor-button-content-wrapper\">\n\t\t\t\t\t\t\t\t\t<span class=\"elementor-button-text\">Request An Appointment  ><\/span>\n\t\t\t\t\t<\/span>\n\t\t\t\t\t<\/a>\n\t\t\t\t<\/div>\n\t\t\t\t\t\t\t\t<\/div>\n\t\t\t\t<\/div>\n\t\t\t\t<div class=\"elementor-element elementor-element-ca24f61 elementor-tablet-align-justify elementor-mobile-align-justify elementor-widget__width-auto elementor-widget-mobile__width-inherit elementor-widget elementor-widget-button\" data-id=\"ca24f61\" data-element_type=\"widget\" data-widget_type=\"button.default\">\n\t\t\t\t<div class=\"elementor-widget-container\">\n\t\t\t\t\t\t\t\t\t<div class=\"elementor-button-wrapper\">\n\t\t\t\t\t<a class=\"elementor-button elementor-button-link elementor-size-sm\" href=\"tel:\/\/+902362504066\">\n\t\t\t\t\t\t<span class=\"elementor-button-content-wrapper\">\n\t\t\t\t\t\t\t\t\t<span class=\"elementor-button-text\">+90 236 250 40 66<\/span>\n\t\t\t\t\t<\/span>\n\t\t\t\t\t<\/a>\n\t\t\t\t<\/div>\n\t\t\t\t\t\t\t\t<\/div>\n\t\t\t\t<\/div>\n\t\t\t\t\t<\/div>\n\t\t<\/div>\n\t\t\t\t<div class=\"elementor-column elementor-col-50 elementor-inner-column elementor-element elementor-element-4f06829\" data-id=\"4f06829\" data-element_type=\"column\" data-settings=\"{&quot;background_background&quot;:&quot;classic&quot;,&quot;background_motion_fx_motion_fx_scrolling&quot;:&quot;yes&quot;,&quot;background_motion_fx_scale_effect&quot;:&quot;yes&quot;,&quot;background_motion_fx_scale_direction&quot;:&quot;in-out-in&quot;,&quot;background_motion_fx_scale_speed&quot;:{&quot;unit&quot;:&quot;px&quot;,&quot;size&quot;:2,&quot;sizes&quot;:[]},&quot;background_motion_fx_scale_range&quot;:{&quot;unit&quot;:&quot;%&quot;,&quot;size&quot;:&quot;&quot;,&quot;sizes&quot;:{&quot;start&quot;:30,&quot;end&quot;:70}},&quot;background_motion_fx_devices&quot;:[&quot;desktop&quot;]}\">\n\t\t\t<div class=\"elementor-widget-wrap elementor-element-populated\">\n\t\t\t\t\t\t<div class=\"elementor-element elementor-element-80a30af elementor-shape-circle e-grid-align-right elementor-widget__width-auto elementor-grid-0 elementor-widget elementor-widget-social-icons\" data-id=\"80a30af\" data-element_type=\"widget\" data-widget_type=\"social-icons.default\">\n\t\t\t\t<div class=\"elementor-widget-container\">\n\t\t\t\t\t\t\t<div class=\"elementor-social-icons-wrapper elementor-grid\">\n\t\t\t\t\t\t\t<span class=\"elementor-grid-item\">\n\t\t\t\t\t<a class=\"elementor-icon elementor-social-icon elementor-social-icon-print elementor-repeater-item-f0b87d5 vamtam-trigger-print\" target=\"_blank\">\n\t\t\t\t\t\t<span class=\"elementor-screen-only\">Print<\/span>\n\t\t\t\t\t\t<i class=\"fas fa-print\"><\/i>\t\t\t\t\t<\/a>\n\t\t\t\t<\/span>\n\t\t\t\t\t\t\t<span class=\"elementor-grid-item\">\n\t\t\t\t\t<a class=\"elementor-icon elementor-social-icon elementor-social-icon-envelope elementor-repeater-item-220d436\" href=\"mailto:bilgi@klinik45.com\" target=\"_blank\">\n\t\t\t\t\t\t<span class=\"elementor-screen-only\">Envelope<\/span>\n\t\t\t\t\t\t<i class=\"fas fa-envelope\"><\/i>\t\t\t\t\t<\/a>\n\t\t\t\t<\/span>\n\t\t\t\t\t\t\t<span class=\"elementor-grid-item\">\n\t\t\t\t\t<a class=\"elementor-icon elementor-social-icon elementor-social-icon-share-alt elementor-repeater-item-fe46285\" href=\"#elementor-action%3Aaction%3Dpopup%3Aopen%26settings%3DeyJpZCI6IjI3NDIiLCJ0b2dnbGUiOmZhbHNlfQ%3D%3D\" target=\"_blank\">\n\t\t\t\t\t\t<span class=\"elementor-screen-only\">Share-alt<\/span>\n\t\t\t\t\t\t<i class=\"fas fa-share-alt\"><\/i>\t\t\t\t\t<\/a>\n\t\t\t\t<\/span>\n\t\t\t\t\t<\/div>\n\t\t\t\t\t\t<\/div>\n\t\t\t\t<\/div>\n\t\t\t\t\t<\/div>\n\t\t<\/div>\n\t\t\t\t\t<\/div>\n\t\t<\/section>\n\t\t\t\t\t<\/div>\n\t\t<\/div>\n\t\t\t\t\t<\/div>\n\t\t<\/section>\n\t\t\t\t<section class=\"elementor-section elementor-top-section elementor-element elementor-element-cd14e0b elementor-section-boxed elementor-section-height-default elementor-section-height-default\" data-id=\"cd14e0b\" data-element_type=\"section\">\n\t\t\t\t\t\t<div class=\"elementor-container elementor-column-gap-default\">\n\t\t\t\t\t<div class=\"elementor-column elementor-col-100 elementor-top-column elementor-element elementor-element-afc3bcb\" data-id=\"afc3bcb\" data-element_type=\"column\">\n\t\t\t<div class=\"elementor-widget-wrap elementor-element-populated\">\n\t\t\t\t\t\t<section class=\"elementor-section elementor-inner-section elementor-element elementor-element-6a0a122 elementor-reverse-mobile elementor-section-boxed elementor-section-height-default elementor-section-height-default\" data-id=\"6a0a122\" data-element_type=\"section\">\n\t\t\t\t\t\t<div class=\"elementor-container elementor-column-gap-default\">\n\t\t\t\t\t<div class=\"elementor-column elementor-col-33 elementor-inner-column elementor-element elementor-element-4d316fd elementor-hidden-phone\" data-id=\"4d316fd\" data-element_type=\"column\">\n\t\t\t<div class=\"elementor-widget-wrap elementor-element-populated\">\n\t\t\t\t\t\t<div class=\"elementor-element elementor-element-f69a85a elementor-widget__width-auto elementor-widget elementor-widget-heading\" data-id=\"f69a85a\" data-element_type=\"widget\" data-widget_type=\"heading.default\">\n\t\t\t\t<div class=\"elementor-widget-container\">\n\t\t\t\t\t<h4 class=\"elementor-heading-title elementor-size-default\">About me<\/h4>\t\t\t\t<\/div>\n\t\t\t\t<\/div>\n\t\t\t\t\t<\/div>\n\t\t<\/div>\n\t\t\t\t<div class=\"elementor-column elementor-col-33 elementor-inner-column elementor-element elementor-element-945b432\" data-id=\"945b432\" data-element_type=\"column\">\n\t\t\t<div class=\"elementor-widget-wrap elementor-element-populated\">\n\t\t\t\t\t\t<div class=\"elementor-element elementor-element-84d4888 elementor-widget elementor-widget-text-editor\" data-id=\"84d4888\" data-element_type=\"widget\" data-widget_type=\"text-editor.default\">\n\t\t\t\t<div class=\"elementor-widget-container\">\n\t\t\t\t\t\t\t\t\t<p>I was born in Sivas in 1976. After completing primary school, secondary school and high school education in Sivas, I had the central exam and was qualified for \u00c7ukurova University Faculty of Dentistry in 1999.<\/p><p>\u00a0<\/p><p>After graduation, I started my specialization education at Ba\u015fkent University Faculty of Dentistry, Department of Periodontology in 2005. In 2011, I prepared a thesis on the Evaluation of the Efficacy of Different Oral Hygiene Methods in Children with Attention Deficit and Hyperactivity Disorder, and started my specialty life.<\/p><p>\u00a0<\/p><p>I am currently continuing my studies in our clinic with my \u00a0dear partner, orthodontist <strong>Dr. Dt. Gizem Altu\u011f T\u00fcrky\u0131lmaz<\/strong>,\u00a0 in Manisa. Advanced Implant Surgery, Periodontal Aesthetic and Plastic Surgery, Aesthetic Coatings are the treatments I actively do. I also practice digital dentistry and smile design treatments.<\/p>\t\t\t\t\t\t\t\t<\/div>\n\t\t\t\t<\/div>\n\t\t\t\t\t<\/div>\n\t\t<\/div>\n\t\t\t\t<div class=\"elementor-column elementor-col-33 elementor-inner-column elementor-element elementor-element-55724fd\" data-id=\"55724fd\" data-element_type=\"column\">\n\t\t\t<div class=\"elementor-widget-wrap elementor-element-populated\">\n\t\t\t\t\t\t<div class=\"elementor-element elementor-element-da255f2 elementor-view-default elementor-position-top elementor-mobile-position-top elementor-widget elementor-widget-icon-box\" data-id=\"da255f2\" data-element_type=\"widget\" data-widget_type=\"icon-box.default\">\n\t\t\t\t<div class=\"elementor-widget-container\">\n\t\t\t\t\t\t\t<div class=\"elementor-icon-box-wrapper\">\n\n\t\t\t\t\t\t<div class=\"elementor-icon-box-icon\">\n\t\t\t\t<span  class=\"elementor-icon\">\n\t\t\t\t<i aria-hidden=\"true\" class=\"fas fa-graduation-cap\"><\/i>\t\t\t\t<\/span>\n\t\t\t<\/div>\n\t\t\t\n\t\t\t\t\t\t<div class=\"elementor-icon-box-content\">\n\n\t\t\t\t\t\t\t\t\t<h4 class=\"elementor-icon-box-title\">\n\t\t\t\t\t\t<span  >\n\t\t\t\t\t\t\tEducation\t\t\t\t\t\t<\/span>\n\t\t\t\t\t<\/h4>\n\t\t\t\t\n\t\t\t\t\t\t\t\t\t<p class=\"elementor-icon-box-description\">\n\t\t\t\t\t\t- <b>1999<\/b> \/ \u00c7ukurova University Faculty of Dentistry<br><br>\n- <b>2005<\/b> \/ Baskent University Faculty of Dentistry Department of  Periodontology<br><br>\n- <b>2011<\/b> \/ Evaluation of the Efficacy of Different Oral Hygiene Methods in Children with Attention Deficit and Hyperactivity Disorder,  Team Leader,  Software Design and Development, Asus\t\t\t\t\t<\/p>\n\t\t\t\t\n\t\t\t<\/div>\n\t\t\t\n\t\t<\/div>\n\t\t\t\t\t\t<\/div>\n\t\t\t\t<\/div>\n\t\t\t\t\t<\/div>\n\t\t<\/div>\n\t\t\t\t\t<\/div>\n\t\t<\/section>\n\t\t\t\t\t<\/div>\n\t\t<\/div>\n\t\t\t\t\t<\/div>\n\t\t<\/section>\n\t\t\t\t<\/div>\n\t\t","protected":false},"excerpt":{"rendered":"<p>Dr. Dt. Cem T\u00fcrky\u0131lmaz Periodontology Specialist Instagram Linkedin Request An Appointment > +90 236 250 40 66 Print Envelope Share-alt About me I was born in Sivas in 1976. After completing primary school, secondary school and high school education in Sivas, I had the central exam and was qualified for \u00c7ukurova University Faculty of Dentistry&#8230;<\/p>\n","protected":false},"author":1,"featured_media":0,"parent":0,"menu_order":0,"comment_status":"closed","ping_status":"closed","template":"","meta":{"_monsterinsights_skip_tracking":false,"_monsterinsights_sitenote_active":false,"_monsterinsights_sitenote_note":"","_monsterinsights_sitenote_category":0,"_uf_show_specific_survey":0,"_uf_disable_surveys":false,"footnotes":""},"class_list":["post-989963","page","type-page","status-publish","hentry"],"yoast_head":"<!-- This site is optimized with the Yoast SEO Premium plugin v19.0.1 (Yoast SEO v24.7) - https:\/\/yoast.com\/wordpress\/plugins\/seo\/ -->\n<title>Dr. Dt. Cem T\u00fcrky\u0131lmaz - Klinik 45<\/title>\n<meta name=\"description\" content=\"\u0130lkokul ortaokul ve liseyi Sivas\u2019ta tamamlad\u0131ktan sonra 1999 y\u0131l\u0131nda \u00c7ukurova \u00dcniversitesi Di\u015f Hekimli\u011fi Fak\u00fcltesini kazand\u0131m. \ud83e\uddb7\" \/>\n<meta name=\"robots\" content=\"index, follow, max-snippet:-1, max-image-preview:large, max-video-preview:-1\" \/>\n<link rel=\"canonical\" href=\"https:\/\/www.klinik45.com\/dr-dt-cem-turkyilmaz\/\" \/>\n<meta property=\"og:locale\" content=\"en_US\" \/>\n<meta property=\"og:type\" content=\"article\" \/>\n<meta property=\"og:title\" content=\"Dr. Dt. Cem T\u00fcrky\u0131lmaz\" \/>\n<meta property=\"og:description\" content=\"\u0130lkokul ortaokul ve liseyi Sivas\u2019ta tamamlad\u0131ktan sonra 1999 y\u0131l\u0131nda \u00c7ukurova \u00dcniversitesi Di\u015f Hekimli\u011fi Fak\u00fcltesini kazand\u0131m. \ud83e\uddb7\" \/>\n<meta property=\"og:url\" content=\"https:\/\/www.klinik45.com\/dr-dt-cem-turkyilmaz\/\" \/>\n<meta property=\"og:site_name\" content=\"Klinik 45\" \/>\n<meta property=\"article:publisher\" content=\"https:\/\/www.instagram.com\/klinik45\" \/>\n<meta property=\"article:modified_time\" content=\"2022-09-09T09:37:33+00:00\" \/>\n<meta name=\"twitter:card\" content=\"summary_large_image\" \/>\n<meta name=\"twitter:label1\" content=\"Est. reading time\" \/>\n\t<meta name=\"twitter:data1\" content=\"2 minutes\" \/>\n<script type=\"application\/ld+json\" class=\"yoast-schema-graph\">{\"@context\":\"https:\/\/schema.org\",\"@graph\":[{\"@type\":\"WebPage\",\"@id\":\"https:\/\/www.klinik45.com\/dr-dt-cem-turkyilmaz\/\",\"url\":\"https:\/\/www.klinik45.com\/dr-dt-cem-turkyilmaz\/\",\"name\":\"Dr. Dt. Cem T\u00fcrky\u0131lmaz - Klinik 45\",\"isPartOf\":{\"@id\":\"https:\/\/www.klinik45.com\/#website\"},\"datePublished\":\"2022-08-11T08:21:04+00:00\",\"dateModified\":\"2022-09-09T09:37:33+00:00\",\"description\":\"\u0130lkokul ortaokul ve liseyi Sivas\u2019ta tamamlad\u0131ktan sonra 1999 y\u0131l\u0131nda \u00c7ukurova \u00dcniversitesi Di\u015f Hekimli\u011fi Fak\u00fcltesini kazand\u0131m. \ud83e\uddb7\",\"breadcrumb\":{\"@id\":\"https:\/\/www.klinik45.com\/dr-dt-cem-turkyilmaz\/#breadcrumb\"},\"inLanguage\":\"en-US\",\"potentialAction\":[{\"@type\":\"ReadAction\",\"target\":[\"https:\/\/www.klinik45.com\/dr-dt-cem-turkyilmaz\/\"]}]},{\"@type\":\"BreadcrumbList\",\"@id\":\"https:\/\/www.klinik45.com\/dr-dt-cem-turkyilmaz\/#breadcrumb\",\"itemListElement\":[{\"@type\":\"ListItem\",\"position\":1,\"name\":\"Home\",\"item\":\"https:\/\/www.klinik45.com\/en\/\"},{\"@type\":\"ListItem\",\"position\":2,\"name\":\"Dr. Dt. Cem T\u00fcrky\u0131lmaz\"}]},{\"@type\":\"WebSite\",\"@id\":\"https:\/\/www.klinik45.com\/#website\",\"url\":\"https:\/\/www.klinik45.com\/\",\"name\":\"Klinik 45\",\"description\":\"Manisa Invisalign Ortodonti \u0130mplant Cerrahisi Di\u015f Esteti\u011fi\",\"publisher\":{\"@id\":\"https:\/\/www.klinik45.com\/#organization\"},\"potentialAction\":[{\"@type\":\"SearchAction\",\"target\":{\"@type\":\"EntryPoint\",\"urlTemplate\":\"https:\/\/www.klinik45.com\/?s={search_term_string}\"},\"query-input\":{\"@type\":\"PropertyValueSpecification\",\"valueRequired\":true,\"valueName\":\"search_term_string\"}}],\"inLanguage\":\"en-US\"},{\"@type\":\"Organization\",\"@id\":\"https:\/\/www.klinik45.com\/#organization\",\"name\":\"Klinik45\",\"url\":\"https:\/\/www.klinik45.com\/\",\"logo\":{\"@type\":\"ImageObject\",\"inLanguage\":\"en-US\",\"@id\":\"https:\/\/www.klinik45.com\/#\/schema\/logo\/image\/\",\"url\":\"https:\/\/www.klinik45.com\/wp-content\/uploads\/2020\/03\/klinik45_new_logo.png\",\"contentUrl\":\"https:\/\/www.klinik45.com\/wp-content\/uploads\/2020\/03\/klinik45_new_logo.png\",\"width\":349,\"height\":106,\"caption\":\"Klinik45\"},\"image\":{\"@id\":\"https:\/\/www.klinik45.com\/#\/schema\/logo\/image\/\"},\"sameAs\":[\"https:\/\/www.instagram.com\/klinik45\"]}]}<\/script>\n<!-- \/ Yoast SEO Premium plugin. -->","yoast_head_json":{"title":"Dr. Dt. Cem T\u00fcrky\u0131lmaz - Klinik 45","description":"\u0130lkokul ortaokul ve liseyi Sivas\u2019ta tamamlad\u0131ktan sonra 1999 y\u0131l\u0131nda \u00c7ukurova \u00dcniversitesi Di\u015f Hekimli\u011fi Fak\u00fcltesini kazand\u0131m. \ud83e\uddb7","robots":{"index":"index","follow":"follow","max-snippet":"max-snippet:-1","max-image-preview":"max-image-preview:large","max-video-preview":"max-video-preview:-1"},"canonical":"https:\/\/www.klinik45.com\/dr-dt-cem-turkyilmaz\/","og_locale":"en_US","og_type":"article","og_title":"Dr. Dt. Cem T\u00fcrky\u0131lmaz","og_description":"\u0130lkokul ortaokul ve liseyi Sivas\u2019ta tamamlad\u0131ktan sonra 1999 y\u0131l\u0131nda \u00c7ukurova \u00dcniversitesi Di\u015f Hekimli\u011fi Fak\u00fcltesini kazand\u0131m. \ud83e\uddb7","og_url":"https:\/\/www.klinik45.com\/dr-dt-cem-turkyilmaz\/","og_site_name":"Klinik 45","article_publisher":"https:\/\/www.instagram.com\/klinik45","article_modified_time":"2022-09-09T09:37:33+00:00","twitter_card":"summary_large_image","twitter_misc":{"Est. reading time":"2 minutes"},"schema":{"@context":"https:\/\/schema.org","@graph":[{"@type":"WebPage","@id":"https:\/\/www.klinik45.com\/dr-dt-cem-turkyilmaz\/","url":"https:\/\/www.klinik45.com\/dr-dt-cem-turkyilmaz\/","name":"Dr. Dt. Cem T\u00fcrky\u0131lmaz - Klinik 45","isPartOf":{"@id":"https:\/\/www.klinik45.com\/#website"},"datePublished":"2022-08-11T08:21:04+00:00","dateModified":"2022-09-09T09:37:33+00:00","description":"\u0130lkokul ortaokul ve liseyi Sivas\u2019ta tamamlad\u0131ktan sonra 1999 y\u0131l\u0131nda \u00c7ukurova \u00dcniversitesi Di\u015f Hekimli\u011fi Fak\u00fcltesini kazand\u0131m. \ud83e\uddb7","breadcrumb":{"@id":"https:\/\/www.klinik45.com\/dr-dt-cem-turkyilmaz\/#breadcrumb"},"inLanguage":"en-US","potentialAction":[{"@type":"ReadAction","target":["https:\/\/www.klinik45.com\/dr-dt-cem-turkyilmaz\/"]}]},{"@type":"BreadcrumbList","@id":"https:\/\/www.klinik45.com\/dr-dt-cem-turkyilmaz\/#breadcrumb","itemListElement":[{"@type":"ListItem","position":1,"name":"Home","item":"https:\/\/www.klinik45.com\/en\/"},{"@type":"ListItem","position":2,"name":"Dr. Dt. Cem T\u00fcrky\u0131lmaz"}]},{"@type":"WebSite","@id":"https:\/\/www.klinik45.com\/#website","url":"https:\/\/www.klinik45.com\/","name":"Klinik 45","description":"Manisa Invisalign Ortodonti \u0130mplant Cerrahisi Di\u015f Esteti\u011fi","publisher":{"@id":"https:\/\/www.klinik45.com\/#organization"},"potentialAction":[{"@type":"SearchAction","target":{"@type":"EntryPoint","urlTemplate":"https:\/\/www.klinik45.com\/?s={search_term_string}"},"query-input":{"@type":"PropertyValueSpecification","valueRequired":true,"valueName":"search_term_string"}}],"inLanguage":"en-US"},{"@type":"Organization","@id":"https:\/\/www.klinik45.com\/#organization","name":"Klinik45","url":"https:\/\/www.klinik45.com\/","logo":{"@type":"ImageObject","inLanguage":"en-US","@id":"https:\/\/www.klinik45.com\/#\/schema\/logo\/image\/","url":"https:\/\/www.klinik45.com\/wp-content\/uploads\/2020\/03\/klinik45_new_logo.png","contentUrl":"https:\/\/www.klinik45.com\/wp-content\/uploads\/2020\/03\/klinik45_new_logo.png","width":349,"height":106,"caption":"Klinik45"},"image":{"@id":"https:\/\/www.klinik45.com\/#\/schema\/logo\/image\/"},"sameAs":["https:\/\/www.instagram.com\/klinik45"]}]}},"_links":{"self":[{"href":"https:\/\/www.klinik45.com\/en\/wp-json\/wp\/v2\/pages\/989963","targetHints":{"allow":["GET"]}}],"collection":[{"href":"https:\/\/www.klinik45.com\/en\/wp-json\/wp\/v2\/pages"}],"about":[{"href":"https:\/\/www.klinik45.com\/en\/wp-json\/wp\/v2\/types\/page"}],"author":[{"embeddable":true,"href":"https:\/\/www.klinik45.com\/en\/wp-json\/wp\/v2\/users\/1"}],"replies":[{"embeddable":true,"href":"https:\/\/www.klinik45.com\/en\/wp-json\/wp\/v2\/comments?post=989963"}],"version-history":[{"count":3,"href":"https:\/\/www.klinik45.com\/en\/wp-json\/wp\/v2\/pages\/989963\/revisions"}],"predecessor-version":[{"id":989966,"href":"https:\/\/www.klinik45.com\/en\/wp-json\/wp\/v2\/pages\/989963\/revisions\/989966"}],"wp:attachment":[{"href":"https:\/\/www.klinik45.com\/en\/wp-json\/wp\/v2\/media?parent=989963"}],"curies":[{"name":"wp","href":"https:\/\/api.w.org\/{rel}","templated":true}]}}